{"id":13015,"date":"2020-10-30T10:40:38","date_gmt":"2020-10-30T09:40:38","guid":{"rendered":"https:\/\/www.bioforce.org\/?page_id=13015"},"modified":"2022-11-28T09:51:33","modified_gmt":"2022-11-28T08:51:33","slug":"privacy-policy","status":"publish","type":"page","link":"https:\/\/www.bioforce.org\/en\/privacy-policy\/","title":{"rendered":"Privacy policy"},"content":{"rendered":"\n  <div class=\"container-1440\">\n    <div class=\"page-header\">\n        \n        <div class=\"has-background container-full\" style=\"background-image: url(https:\/\/www.bioforce.org\/wp-content\/uploads\/2020\/05\/cfba2ans-header.jpg)\">\n            <img decoding=\"async\" src=\"https:\/\/www.bioforce.org\/wp-content\/uploads\/2020\/05\/cfba2ans-header.jpg\" alt=\"\">\n        <\/div>\n\n\n        <div class=\"page-header-inner\">        \n            <div class=\"page-title\">\n                <span class=\"d-block page-parent\"> <\/span>\n                <h1>Privacy policy<\/h1>\n            <\/div>\n\n            <div class=\"page-sub-title\">\n                \n                    <div>\n                        <span class=\"has-border-l-t d-block\"><\/span>                  \n                    <\/div>\n                    <div>\n                                            <\/div>\n                \n            <\/div>\n        <\/div>\n    <\/div>\n\n  <\/div>\n\n<div class=\"container-1440\">\n\t<div class=\"section-textriche\">\n\t\t<h2 class=\"title-h2\">Qui sommes-nous ?<\/h2>\n\t\t<p>L\u2019adresse de notre site Web est\u00a0: https:\/\/www.bioforce.org<\/p>\n<p>En se connectant au site de Bioforce, et de ce seul fait, l&#8217;utilisateur reconna\u00eet accepter de Bioforce, \u00e9diteur du site, une licence dont il s&#8217;engage \u00e0 respecter les termes.<\/p>\n<p>Le site de Bioforce ne demande pas d&#8217;enregistrement \u00e0 ses visiteurs, et ne proc\u00e8de \u00e0 aucun enregistrement nominatif pour la simple consultation de ses pages.<\/p>\n<p>Conform\u00e9ment \u00e0 la l\u00e9gislation en vigueur, l\u2019internaute dispose d\u2019un droit d\u2019acc\u00e8s, de rectification et d\u2019opposition aux donn\u00e9es personnelles le concernant ; les r\u00e9clamations peuvent \u00eatre adress\u00e9es par courrier \u00e9lectronique \u00e0 l\u2019adresse\u00a0<a href=\"mailto:communication@bioforce.org\">dpo@bioforce.org<\/a><\/p>\n\t\t\t<\/div>\n<\/div>\n\n\n\n<div class=\"container-1440\">\n\t<div class=\"section-textriche\">\n\t\t<h2 class=\"title-h2\">UTILISATION DES DONN\u00c9ES PERSONNELLES COLLECT\u00c9ES<\/h2>\n\t\t<h3>FORMULAIRES DE CONTACT<\/h3>\n<p>Dans certains cas (formulaire de contact, formulaire d\u2019inscription, bulletin d\u2019adh\u00e9sion, formulaire de don,questionnaires), Bioforce peut \u00eatre amen\u00e9 \u00e0 demander aux internautes de laisser leurs coordonn\u00e9es et leur adresse \u00e9lectronique ou r\u00e9elle ainsi que d\u2019autres informations personnelles. Bioforce se r\u00e9serve le droit d\u2019adresser de nouveaux messages \u00e0 ces utilisateurs, pour leur proposer des informations ou des offres \u00e9manant de Bioforce.<\/p>\n<h3>COOKIES<\/h3>\n<p>Si vous d\u00e9posez un commentaire sur notre site, il vous sera propos\u00e9 d\u2019enregistrer votre nom, adresse de messagerie et site web dans des cookies. C\u2019est uniquement pour votre confort afin de ne pas avoir \u00e0 saisir ces informations si vous d\u00e9posez un autre commentaire plus tard. Ces cookies expirent au bout d\u2019un an.<\/p>\n<p>Si vous vous rendez sur la page de connexion, un cookie temporaire sera cr\u00e9\u00e9 afin de d\u00e9terminer si votre navigateur accepte les cookies. Il ne contient pas de donn\u00e9es personnelles et sera supprim\u00e9 automatiquement \u00e0 la fermeture de votre navigateur.<\/p>\n<p>Lorsque vous vous connecterez, nous mettrons en place un certain nombre de cookies pour enregistrer vos informations de connexion et vos pr\u00e9f\u00e9rences d\u2019\u00e9cran. La dur\u00e9e de vie d\u2019un cookie de connexion est de deux jours, celle d\u2019un cookie d\u2019option d\u2019\u00e9cran est d\u2019un an. Si vous cochez \u00ab\u00a0Se souvenir de moi\u00a0\u00bb, votre cookie de connexion sera conserv\u00e9 pendant deux semaines. Si vous vous d\u00e9connectez de votre compte, le cookie de connexion sera effac\u00e9.<\/p>\n<p>En modifiant ou en publiant une publication, un cookie suppl\u00e9mentaire sera enregistr\u00e9 dans votre navigateur. Ce cookie ne comprend aucune donn\u00e9e personnelle. Il indique simplement l\u2019ID de la publication que vous venez de modifier. Il expire au bout d\u2019un jour.<\/p>\n<h3>CONTENU EMBARQU\u00c9 DEPUIS D\u2019AUTRES SITES<\/h3>\n<p>Les articles de ce site peuvent inclure des contenus int\u00e9gr\u00e9s (par exemple des vid\u00e9os, images, articles\u2026). Le contenu int\u00e9gr\u00e9 depuis d\u2019autres sites se comporte de la m\u00eame mani\u00e8re que si le visiteur se rendait sur cet autre site.<\/p>\n<p>Ces sites web pourraient collecter des donn\u00e9es sur vous, utiliser des cookies, embarquer des outils de suivis tiers, suivre vos interactions avec ces contenus embarqu\u00e9s si vous disposez d\u2019un compte connect\u00e9 sur leur site web.<\/p>\n<h3>STATISTIQUES ET MESURES D\u2019AUDIENCE<\/h3>\n<p>Le site de Bioforce utilise la technique des \u00ab\u00a0cookies\u00a0\u00bb pour les raisons suivantes :<\/p>\n<ul>\n<li>Pour nous aider \u00e0 reconna\u00eetre votre navigateur d\u2019une session \u00e0 l\u2019autre et pour pour nous souvenir de vos pr\u00e9f\u00e9rences.<\/li>\n<li>Pour aider \u00e0 mesurer de fa\u00e7on transversale l\u2019activit\u00e9 de nos visiteurs sur le site et nous permettre ainsi de proposer une exp\u00e9rience toujours mieux adapt\u00e9es aux attentes de nos visiteurs.<br \/>\nEn aucun cas une corr\u00e9lation n\u2019est faite entre ces cookies et des informations nominatives que pourrait d\u00e9tenir Bioforce.<\/li>\n<\/ul>\n\t\t\t<\/div>\n<\/div>\n\n\n\n<div class=\"container-1440\">\n\t<div class=\"section-textriche\">\n\t\t<h2 class=\"title-h2\">UTILISATION ET TRANSMISSION DE VOS DONN\u00c9ES PERSONNELLES<\/h2>\n\t\t<h3>LES DROITS QUE VOUS AVEZ SUR VOS DONN\u00c9ES<\/h3>\n<p>Lorsque vous r\u00e9alisez une demande d\u2019inscription \u00e0 nos formations, nos newsletters ou que vous utilisez le formulaire de contact, vous transmettez \u00e0 nos services des informations vous concernant. Vous pouvez demander \u00e0 recevoir un fichier contenant toutes les donn\u00e9es personnelles que nous poss\u00e9dons \u00e0 votre sujet, incluant celles que vous nous avez fournies. Vous pouvez \u00e9galement demander la suppression des donn\u00e9es personnelles vous concernant. Cela ne prend pas en compte les donn\u00e9es stock\u00e9es \u00e0 des fins administratives, l\u00e9gales ou pour des raisons de s\u00e9curit\u00e9.<\/p>\n<h3>TRANSMISSION DE VOS DONN\u00c9ES PERSONNELLES<\/h3>\n<p>Les donn\u00e9es transmises lors de la compl\u00e9tion du formulaire d\u2019inscription \u00e0 nos formations, \u00e0 nos newsletters ou au formulaire de contact peuvent \u00eatre v\u00e9rifi\u00e9s \u00e0 l\u2019aide d\u2019un service automatis\u00e9 de d\u00e9tection des commentaires ind\u00e9sirables.<\/p>\n<h3>INFORMATIONS DE CONTACT<\/h3>\n<p>Dans tous les cas, l&#8217;utilisateur dispose des droits (d&#8217;acc\u00e8s et de rectification, notamment) pr\u00e9vus par la loi 78-17 du 6 janvier 1978 dite \u00ab Informatique et Libert\u00e9s \u00bb.<\/p>\n<p>Pour l&#8217;exercice de ces droits, l&#8217;utilisateur est invit\u00e9 \u00e0 s&#8217;adresser par courrier \u00e9lectronique \u00e0 l\u2019adresse <a href=\"mailto:communication@institutbioforce.fr\">dpo@bioforce.org<\/a><\/p>\n<p>Il peut aussi \u00e9crire \u00e0 Bioforce \u2013 41 avenue du 8 mai 1945 \u2013 69694 V\u00e9nissieux Cedex.<\/p>\n<p>L&#8217;utilisateur trouvera des informations sur ses droits et devoirs et sur la protection des donn\u00e9es individuelles sur le site de la Commission Nationale Informatique et Libert\u00e9s (<a href=\"http:\/\/www.cnil.fr\/\">www.cnil.fr<\/a>)<\/p>\n<p>Les utilisateurs des sites de Bioforce sont invit\u00e9s \u00e0 nous faire conna\u00eetre leurs remarques sur d\u2019\u00e9ventuels dysfonctionnement du site au regard des libert\u00e9s individuelles.<\/p>\n\t\t\t<\/div>\n<\/div>\n\n","protected":false},"excerpt":{"rendered":"","protected":false},"author":2,"featured_media":4194,"parent":0,"menu_order":21,"comment_status":"closed","ping_status":"closed","template":"page-editorial.php","meta":{"_acf_changed":false,"footnotes":""},"class_list":["post-13015","page","type-page","status-publish","has-post-thumbnail","hentry"],"acf":[],"yoast_head":"<!-- This site is optimized with the Yoast SEO plugin v27.4 - https:\/\/yoast.com\/product\/yoast-seo-wordpress\/ -->\n<title>Privacy policy - Bioforce<\/title>\n<meta name=\"robots\" content=\"index, follow, max-snippet:-1, max-image-preview:large, max-video-preview:-1\" \/>\n<link rel=\"canonical\" href=\"https:\/\/www.bioforce.org\/en\/privacy-policy\/\" \/>\n<meta property=\"og:locale\" content=\"en_US\" \/>\n<meta property=\"og:type\" content=\"article\" \/>\n<meta property=\"og:title\" content=\"Privacy policy - Bioforce\" \/>\n<meta property=\"og:url\" content=\"https:\/\/www.bioforce.org\/en\/privacy-policy\/\" \/>\n<meta property=\"og:site_name\" content=\"Bioforce\" \/>\n<meta property=\"article:publisher\" content=\"https:\/\/www.facebook.com\/bioforceOrg\/\" \/>\n<meta property=\"article:modified_time\" content=\"2022-11-28T08:51:33+00:00\" \/>\n<meta property=\"og:image\" content=\"https:\/\/www.bioforce.org\/wp-content\/uploads\/2020\/05\/cfba2ans-header.jpg\" \/>\n\t<meta property=\"og:image:width\" content=\"848\" \/>\n\t<meta property=\"og:image:height\" content=\"339\" \/>\n\t<meta property=\"og:image:type\" content=\"image\/jpeg\" \/>\n<meta name=\"twitter:card\" content=\"summary_large_image\" \/>\n<meta name=\"twitter:site\" content=\"@bioforceorg\" \/>\n<script type=\"application\/ld+json\" class=\"yoast-schema-graph\">{\"@context\":\"https:\\\/\\\/schema.org\",\"@graph\":[{\"@type\":\"WebPage\",\"@id\":\"https:\\\/\\\/www.bioforce.org\\\/en\\\/privacy-policy\\\/\",\"url\":\"https:\\\/\\\/www.bioforce.org\\\/en\\\/privacy-policy\\\/\",\"name\":\"Privacy policy - Bioforce\",\"isPartOf\":{\"@id\":\"https:\\\/\\\/www.bioforce.org\\\/en\\\/#website\"},\"primaryImageOfPage\":{\"@id\":\"https:\\\/\\\/www.bioforce.org\\\/en\\\/privacy-policy\\\/#primaryimage\"},\"image\":{\"@id\":\"https:\\\/\\\/www.bioforce.org\\\/en\\\/privacy-policy\\\/#primaryimage\"},\"thumbnailUrl\":\"https:\\\/\\\/www.bioforce.org\\\/wp-content\\\/uploads\\\/2020\\\/05\\\/cfba2ans-header.jpg\",\"datePublished\":\"2020-10-30T09:40:38+00:00\",\"dateModified\":\"2022-11-28T08:51:33+00:00\",\"breadcrumb\":{\"@id\":\"https:\\\/\\\/www.bioforce.org\\\/en\\\/privacy-policy\\\/#breadcrumb\"},\"inLanguage\":\"en-US\",\"potentialAction\":[{\"@type\":\"ReadAction\",\"target\":[\"https:\\\/\\\/www.bioforce.org\\\/en\\\/privacy-policy\\\/\"]}]},{\"@type\":\"ImageObject\",\"inLanguage\":\"en-US\",\"@id\":\"https:\\\/\\\/www.bioforce.org\\\/en\\\/privacy-policy\\\/#primaryimage\",\"url\":\"https:\\\/\\\/www.bioforce.org\\\/wp-content\\\/uploads\\\/2020\\\/05\\\/cfba2ans-header.jpg\",\"contentUrl\":\"https:\\\/\\\/www.bioforce.org\\\/wp-content\\\/uploads\\\/2020\\\/05\\\/cfba2ans-header.jpg\",\"width\":848,\"height\":339},{\"@type\":\"BreadcrumbList\",\"@id\":\"https:\\\/\\\/www.bioforce.org\\\/en\\\/privacy-policy\\\/#breadcrumb\",\"itemListElement\":[{\"@type\":\"ListItem\",\"position\":1,\"name\":\"Accueil\",\"item\":\"https:\\\/\\\/www.bioforce.org\\\/en\\\/\"},{\"@type\":\"ListItem\",\"position\":2,\"name\":\"Privacy policy\"}]},{\"@type\":\"WebSite\",\"@id\":\"https:\\\/\\\/www.bioforce.org\\\/en\\\/#website\",\"url\":\"https:\\\/\\\/www.bioforce.org\\\/en\\\/\",\"name\":\"Bioforce\",\"description\":\"Former les humanitaires | Bioforce\",\"publisher\":{\"@id\":\"https:\\\/\\\/www.bioforce.org\\\/en\\\/#organization\"},\"alternateName\":\"bioforce.org\",\"potentialAction\":[{\"@type\":\"SearchAction\",\"target\":{\"@type\":\"EntryPoint\",\"urlTemplate\":\"https:\\\/\\\/www.bioforce.org\\\/en\\\/?s={search_term_string}\"},\"query-input\":{\"@type\":\"PropertyValueSpecification\",\"valueRequired\":true,\"valueName\":\"search_term_string\"}}],\"inLanguage\":\"en-US\"},{\"@type\":\"Organization\",\"@id\":\"https:\\\/\\\/www.bioforce.org\\\/en\\\/#organization\",\"name\":\"Bioforce\",\"url\":\"https:\\\/\\\/www.bioforce.org\\\/en\\\/\",\"logo\":{\"@type\":\"ImageObject\",\"inLanguage\":\"en-US\",\"@id\":\"https:\\\/\\\/www.bioforce.org\\\/en\\\/#\\\/schema\\\/logo\\\/image\\\/\",\"url\":\"https:\\\/\\\/www.bioforce.org\\\/wp-content\\\/uploads\\\/2020\\\/05\\\/logo-bioforce16-9.png\",\"contentUrl\":\"https:\\\/\\\/www.bioforce.org\\\/wp-content\\\/uploads\\\/2020\\\/05\\\/logo-bioforce16-9.png\",\"width\":3583,\"height\":2015,\"caption\":\"Bioforce\"},\"image\":{\"@id\":\"https:\\\/\\\/www.bioforce.org\\\/en\\\/#\\\/schema\\\/logo\\\/image\\\/\"},\"sameAs\":[\"https:\\\/\\\/www.facebook.com\\\/bioforceOrg\\\/\",\"https:\\\/\\\/x.com\\\/bioforceorg\",\"https:\\\/\\\/www.linkedin.com\\\/school\\\/bioforceorg\",\"https:\\\/\\\/www.instagram.com\\\/bioforceorg\\\/\"]}]}<\/script>\n<!-- \/ Yoast SEO plugin. -->","yoast_head_json":{"title":"Privacy policy - Bioforce","robots":{"index":"index","follow":"follow","max-snippet":"max-snippet:-1","max-image-preview":"max-image-preview:large","max-video-preview":"max-video-preview:-1"},"canonical":"https:\/\/www.bioforce.org\/en\/privacy-policy\/","og_locale":"en_US","og_type":"article","og_title":"Privacy policy - Bioforce","og_url":"https:\/\/www.bioforce.org\/en\/privacy-policy\/","og_site_name":"Bioforce","article_publisher":"https:\/\/www.facebook.com\/bioforceOrg\/","article_modified_time":"2022-11-28T08:51:33+00:00","og_image":[{"width":848,"height":339,"url":"https:\/\/www.bioforce.org\/wp-content\/uploads\/2020\/05\/cfba2ans-header.jpg","type":"image\/jpeg"}],"twitter_card":"summary_large_image","twitter_site":"@bioforceorg","schema":{"@context":"https:\/\/schema.org","@graph":[{"@type":"WebPage","@id":"https:\/\/www.bioforce.org\/en\/privacy-policy\/","url":"https:\/\/www.bioforce.org\/en\/privacy-policy\/","name":"Privacy policy - Bioforce","isPartOf":{"@id":"https:\/\/www.bioforce.org\/en\/#website"},"primaryImageOfPage":{"@id":"https:\/\/www.bioforce.org\/en\/privacy-policy\/#primaryimage"},"image":{"@id":"https:\/\/www.bioforce.org\/en\/privacy-policy\/#primaryimage"},"thumbnailUrl":"https:\/\/www.bioforce.org\/wp-content\/uploads\/2020\/05\/cfba2ans-header.jpg","datePublished":"2020-10-30T09:40:38+00:00","dateModified":"2022-11-28T08:51:33+00:00","breadcrumb":{"@id":"https:\/\/www.bioforce.org\/en\/privacy-policy\/#breadcrumb"},"inLanguage":"en-US","potentialAction":[{"@type":"ReadAction","target":["https:\/\/www.bioforce.org\/en\/privacy-policy\/"]}]},{"@type":"ImageObject","inLanguage":"en-US","@id":"https:\/\/www.bioforce.org\/en\/privacy-policy\/#primaryimage","url":"https:\/\/www.bioforce.org\/wp-content\/uploads\/2020\/05\/cfba2ans-header.jpg","contentUrl":"https:\/\/www.bioforce.org\/wp-content\/uploads\/2020\/05\/cfba2ans-header.jpg","width":848,"height":339},{"@type":"BreadcrumbList","@id":"https:\/\/www.bioforce.org\/en\/privacy-policy\/#breadcrumb","itemListElement":[{"@type":"ListItem","position":1,"name":"Accueil","item":"https:\/\/www.bioforce.org\/en\/"},{"@type":"ListItem","position":2,"name":"Privacy policy"}]},{"@type":"WebSite","@id":"https:\/\/www.bioforce.org\/en\/#website","url":"https:\/\/www.bioforce.org\/en\/","name":"Bioforce","description":"Former les humanitaires | Bioforce","publisher":{"@id":"https:\/\/www.bioforce.org\/en\/#organization"},"alternateName":"bioforce.org","potentialAction":[{"@type":"SearchAction","target":{"@type":"EntryPoint","urlTemplate":"https:\/\/www.bioforce.org\/en\/?s={search_term_string}"},"query-input":{"@type":"PropertyValueSpecification","valueRequired":true,"valueName":"search_term_string"}}],"inLanguage":"en-US"},{"@type":"Organization","@id":"https:\/\/www.bioforce.org\/en\/#organization","name":"Bioforce","url":"https:\/\/www.bioforce.org\/en\/","logo":{"@type":"ImageObject","inLanguage":"en-US","@id":"https:\/\/www.bioforce.org\/en\/#\/schema\/logo\/image\/","url":"https:\/\/www.bioforce.org\/wp-content\/uploads\/2020\/05\/logo-bioforce16-9.png","contentUrl":"https:\/\/www.bioforce.org\/wp-content\/uploads\/2020\/05\/logo-bioforce16-9.png","width":3583,"height":2015,"caption":"Bioforce"},"image":{"@id":"https:\/\/www.bioforce.org\/en\/#\/schema\/logo\/image\/"},"sameAs":["https:\/\/www.facebook.com\/bioforceOrg\/","https:\/\/x.com\/bioforceorg","https:\/\/www.linkedin.com\/school\/bioforceorg","https:\/\/www.instagram.com\/bioforceorg\/"]}]}},"_links":{"self":[{"href":"https:\/\/www.bioforce.org\/en\/wp-json\/wp\/v2\/pages\/13015","targetHints":{"allow":["GET"]}}],"collection":[{"href":"https:\/\/www.bioforce.org\/en\/wp-json\/wp\/v2\/pages"}],"about":[{"href":"https:\/\/www.bioforce.org\/en\/wp-json\/wp\/v2\/types\/page"}],"author":[{"embeddable":true,"href":"https:\/\/www.bioforce.org\/en\/wp-json\/wp\/v2\/users\/2"}],"replies":[{"embeddable":true,"href":"https:\/\/www.bioforce.org\/en\/wp-json\/wp\/v2\/comments?post=13015"}],"version-history":[{"count":6,"href":"https:\/\/www.bioforce.org\/en\/wp-json\/wp\/v2\/pages\/13015\/revisions"}],"predecessor-version":[{"id":39254,"href":"https:\/\/www.bioforce.org\/en\/wp-json\/wp\/v2\/pages\/13015\/revisions\/39254"}],"wp:featuredmedia":[{"embeddable":true,"href":"https:\/\/www.bioforce.org\/en\/wp-json\/wp\/v2\/media\/4194"}],"wp:attachment":[{"href":"https:\/\/www.bioforce.org\/en\/wp-json\/wp\/v2\/media?parent=13015"}],"curies":[{"name":"wp","href":"https:\/\/api.w.org\/{rel}","templated":true}]}}