{"id":55180,"date":"2025-06-24T16:10:06","date_gmt":"2025-06-24T14:10:06","guid":{"rendered":"https:\/\/www.bioforce.org\/coup-doeil-sur-nos-formations-du-second-semestre-2025\/"},"modified":"2025-07-16T14:24:49","modified_gmt":"2025-07-16T12:24:49","slug":"coup-doeil-sur-nos-formations-du-second-semestre-2025","status":"publish","type":"page","link":"https:\/\/www.bioforce.org\/en\/coup-doeil-sur-nos-formations-du-second-semestre-2025\/","title":{"rendered":"Coup d&#8217;oeil sur nos formations du second semestre 2025"},"content":{"rendered":"\n  <div class=\"container-1440\">\n    <div class=\"page-header\">\n        \n        <div class=\"has-background container-full\" style=\"background-image: url(https:\/\/www.bioforce.org\/wp-content\/uploads\/2025\/04\/2025.04_Article_FCP-Finances-header.jpg)\">\n            <img decoding=\"async\" src=\"https:\/\/www.bioforce.org\/wp-content\/uploads\/2025\/04\/2025.04_Article_FCP-Finances-header.jpg\" alt=\"\">\n        <\/div>\n\n\n        <div class=\"page-header-inner\">        \n            <div class=\"page-title\">\n                <span class=\"d-block page-parent\">build <\/span>\n                <h1>Coup d&#8217;oeil sur nos formations du second semestre 2025<\/h1>\n            <\/div>\n\n            <div class=\"page-sub-title\">\n                \n                    <div>\n                        <span class=\"has-border-l-t d-block\"><\/span>                  \n                    <\/div>\n                    <div>\n                        <p>Retrouvez en un coup d&#8217;oeil notre offre de formation courtes pour vos \u00e9quipes. Et n&#8217;oubliez pas : cet automne, les comp\u00e9tences se partagent ! B\u00e9n\u00e9ficiez d&#8217;une place offerte d\u00e8s 5 achet\u00e9es sur toutes les sessions du 2e semestre 2025.<\/p>\n                    <\/div>\n                \n            <\/div>\n        <\/div>\n    <\/div>\n\n  <\/div>\n\n\n<div class=\"wp-block-columns has-background is-layout-flex wp-container-core-columns-is-layout-9d6595d7 wp-block-columns-is-layout-flex\" style=\"background-color:#e84424\">\n<div class=\"wp-block-column is-layout-flow wp-block-column-is-layout-flow\" style=\"flex-basis:25%\"><\/div>\n\n\n\n<div class=\"wp-block-column is-layout-flow wp-block-column-is-layout-flow\" style=\"flex-basis:50%\"><div class=\"container-1440\">\n\t<div class=\"section-textriche\">\n\t\t<h2 class=\"title-h2\"><img decoding=\"async\" src=\"https:\/\/lko.mj.am\/img2\/lko\/ad74fb20-e8f7-436d-a056-eea7d4937475\/content\" align=\"left\"\/><img decoding=\"async\" src=\"https:\/\/www.bioforce.org\/wp-content\/uploads\/2025\/06\/2025.06-Mailing-FCP_B2B_Offre-Promo.png\" alt=\"Offre promotionnelle\" \/> <\/h2>\n\t\t<p style=\"color: #ffffff;\">OFFRE EXCEPTIONNELLE<br \/>\u00a0LA 6e INSCRIPTION EST OFFERTE SUR<br \/>TOUTES LES SESSIONS DU 2E SEMESTRE 2025*<\/p>\n\t\t\t<\/div>\n<\/div>\n\n<\/div>\n\n\n\n<div class=\"wp-block-column is-layout-flow wp-block-column-is-layout-flow\" style=\"flex-basis:25%\"><\/div>\n<\/div>\n\n\n\n<div class=\"wp-block-columns is-layout-flex wp-container-core-columns-is-layout-9d6595d7 wp-block-columns-is-layout-flex\">\n<div class=\"wp-block-column is-layout-flow wp-block-column-is-layout-flow\" style=\"flex-basis:25%\"><\/div>\n\n\n\n<div class=\"wp-block-column is-layout-flow wp-block-column-is-layout-flow\" style=\"flex-basis:50%\">\n<a href=\"#terms_conditions\">*Offre soumise \u00e0 conditions \u00e0 retrouver en bas de cette page<\/a>\n<\/div>\n\n\n\n<div class=\"wp-block-column is-layout-flow wp-block-column-is-layout-flow\" style=\"flex-basis:25%\"><\/div>\n<\/div>\n\n\n<div class=\"container-1440\">\n\t<div class=\"section-textriche\">\n\t\t<h2 class=\"title-h2\"><img decoding=\"async\" src=\"https:\/\/www.bioforce.org\/wp-content\/uploads\/2020\/06\/05gestion_de_projets.png\"> Gestion de projets<\/h2>\n\t\t\t\t\t<\/div>\n<\/div>\n\n\n\n\n<div class=\"container-1440\">\n                        <div class=\"gab-aboutus \">\n                <div class=\"row\">\n                <div class=\"col-md-12 col-lg-7 order-lg-12 media\">\n                                        <img decoding=\"async\" src=\"https:\/\/www.bioforce.org\/wp-content\/uploads\/2023\/11\/2023_Campus-Ephemere-553x460.jpg\" alt=\"\">\n                                    <\/div>\n                <div class=\"col-md-12 col-lg-5 aboutus\">\n                    <div class=\"content\">\n                        <div>\n                        <h2 class=\"title\">Formations MEAL : moins de financements, plus d\u2019exigence : boostez l\u2019impact de vos projets humanitaires. <\/h2>\n                        <div class=\"wysiwyg\">\n                           <p> Dans un contexte de r\u00e9duction des aides internationales, les ONG doivent aujourd&#8217;hui plus que jamais prouver l\u2019efficacit\u00e9 de leurs actions. Formez vos \u00e9quipes aux outils MEAL pour renforcer transparence, adaptabilit\u00e9 et performance de vos projets. \r\n\ud83c\udfaf Des formations en quelques jours pour adopter les cl\u00e9s d\u2019une gestion humanitaire exigeante et durable. \r\n\r\nDes sessions \u00e0 distance ou en pr\u00e9sentiel en Europe et en Afrique \r\nEn fran\u00e7ais ou en anglais\r\n\r\n<strong>En Europe<\/strong> \r\n<ul>\r\n<li><strong><a href=\"\/formation\/concevoir-les-dispositifs-de-suivi-evaluation-redevabilite-et-apprentissage-dun-projet-humanitaire-2\/\">Concevoir les dispositifs de Suivi, Evaluation, Redevabilit\u00e9 et Apprentissage d&#8217;un projet humanitaire<\/strong><\/a>En pr\u00e9sentiel, 6-8 octobre, Paris  <\/li>\r\n<li><strong><a href=\"\/formation\/monitoring-evaluation-accountability-and-learning-meal-2\/\">Designing a MEAL system for a humanitarian project<\/a><\/strong>En pr\u00e9sentiel, 3-5 d\u00e9cembre, Gen\u00e8ve<\/li>   \r\n<\/ul>\r\n<strong>En Afrique <\/strong>\r\n<ul>\r\n<li><strong><a href=\"\/formation\/concevoir-les-dispositifs-de-suivi-evaluation-redevabilite-et-apprentissage-dun-projet-humanitaire\/\">Concevoir les dispositifs de Suivi, Evaluation, Redevabilit\u00e9 et Apprentissage d&#8217;un projet humanitaire<\/a><\/strong>En pr\u00e9sentiel, 9 sessions : Abidjan, Bangui, Bamako, Dakar, Goma, Niamey, Ouagadougou, N&#8217;Djamena, Conakry<\/li>\r\n<\/ul>\r\n<strong><p style=\"color: #E84424;\">NOUVEAU \u00c0 distance<\/strong><\/p>\r\n<ul>\r\n<li><strong><a href=\"https:\/\/www.bioforce.org\/formation\/concevoir-les-dispositifs-de-suivi-evaluation-redevabilite-et-apprentissage-dun-projet-humanitaire-3\/\">Concevoir les dispositifs de Suivi, Evaluation, Redevabilit\u00e9 et Apprentissage d&#8217;un projet humanitaire<\/a><\/strong>\u00c0 distance, 20 novembre-19 d\u00e9cembre<\/li>\r\n<\/ul><\/p>\n                        <\/div>\n                                                <\/div>\n                    <\/div>\n                <\/div>\n\n                <\/div>\n            <\/div>\n                    <div class=\"gab-aboutus to-right\">\n                <div class=\"row\">\n                <div class=\"col-md-12 col-lg-7  media\">\n                                        <img decoding=\"async\" src=\"https:\/\/www.bioforce.org\/wp-content\/uploads\/2025\/04\/2025.04_Article_FCP-Finances-thumb-553x460.jpg\" alt=\"\">\n                                    <\/div>\n                <div class=\"col-md-12 col-lg-5 aboutus\">\n                    <div class=\"content\">\n                        <div>\n                        <h2 class=\"title\">Retrouvez aussi en Gestion de Projets<\/h2>\n                        <div class=\"wysiwyg\">\n                           <p> <strong>Concevoir et piloter un projet <\/strong>\r\n&#8211; Des sessions <a href=\"https:\/\/www.bioforce.org\/formation\/concevoir-et-piloter-un-projet-humanitaire-e-learning\/\">\u00e0 distance<\/a> mais aussi en pr\u00e9sentiel <a href=\"https:\/\/www.bioforce.org\/formation\/managing-solidarity-projects\/\">en Europe<\/a> ou <a href=\"https:\/\/www.bioforce.org\/formation\/concevoir-et-piloter-un-projet-humanitaire\/\">en Afrique<\/a><BR>\r\n&#8211; En fran\u00e7ais ou en anglais \r\n\r\n<strong><a href=\"https:\/\/www.bioforce.org\/formation\/planifier-et-mettre-en-oeuvre-une-strategie-de-plaidoyer\/\">Planifier et mettre en \u0153uvre une strat\u00e9gie de plaidoyer<\/a> <\/strong>\r\n&#8211; Une session en pr\u00e9sentiel, \u00e0 Paris, en fran\u00e7ais <\/p>\n                        <\/div>\n                                                <\/div>\n                    <\/div>\n                <\/div>\n\n                <\/div>\n            <\/div>\n        \n    <\/div>\n\n<div class=\"container-1440\">\n\t<div class=\"section-textriche\">\n\t\t<h2 class=\"title-h2\"><img decoding=\"async\" src=\"https:\/\/www.bioforce.org\/wp-content\/uploads\/2020\/06\/01ressources_humaines_management.png\"> Ressources Humaines<\/h2>\n\t\t\t\t\t<\/div>\n<\/div>\n\n\n\n\n<div class=\"container-1440\">\n                        <div class=\"gab-aboutus \">\n                <div class=\"row\">\n                <div class=\"col-md-12 col-lg-7 order-lg-12 media\">\n                                        <img decoding=\"async\" src=\"https:\/\/www.bioforce.org\/wp-content\/uploads\/2024\/07\/2024.06_DNIPRO_Learning-Week_06-553x460.jpg\" alt=\"\">\n                                    <\/div>\n                <div class=\"col-md-12 col-lg-5 aboutus\">\n                    <div class=\"content\">\n                        <div>\n                        <h2 class=\"title\">NOS PROCHAINES SESSIONS EN RESSOURCES HUMAINES<\/h2>\n                        <div class=\"wysiwyg\">\n                           <p> <strong><a href=\"https:\/\/www.bioforce.org\/formation\/mobiliser-et-animer-une-equipe-de-benevoles\/\">Mobiliser et animer un r\u00e9seau de b\u00e9n\u00e9voles <\/a><\/strong>\r\n&#8211; En pr\u00e9sentiel, en fran\u00e7ais (Paris) \r\n\r\n<strong><a href=\"https:\/\/www.bioforce.org\/formation\/prevenir-et-reduire-les-risques-psychososiaux-au-sein-de-son-organisation\/\">Pr\u00e9venir et r\u00e9duire les risques psychosociaux au sein de son organisation <\/a><\/strong>\r\n&#8211; En pr\u00e9sentiel, en fran\u00e7ais (Paris) <\/p>\n                        <\/div>\n                                                <\/div>\n                    <\/div>\n                <\/div>\n\n                <\/div>\n            <\/div>\n        \n    <\/div>\n\n<div class=\"container-1440\">\n\t<div class=\"section-textriche\">\n\t\t<h2 class=\"title-h2\"><div id=\"webinaire\">On est l\u00e0 pour vous !<\/div><\/h2>\n\t\t<p class=\"text-build-content\"><strong>Ne manquez pas notre webinaire mardi 8 juillet 2025<\/strong><\/p>\n<p><img decoding=\"async\" src=\"\/wp-content\/uploads\/2025\/06\/rodolphe-martin.png\" width=\"100px\" height=\"100px\" align=\"left\" hspace=\"10\" \/><img decoding=\"async\" src=\"https:\/\/lko.mj.am\/img2\/lko\/e1a10b6d-5ccb-42da-b2fb-a581d5ebade2\/content\" width=\"100\" height=\"100\" align=\"left\" hspace=\"10\" \/><\/p>\n<p class=\"text-build-content\">Anim\u00e9 par Rodolphe Martin et Olivier Coly, nos coordinateurs \u00e0 Lyon et \u00e0 Dakar, trouvez les r\u00e9ponses \u00e0 toutes vos questions sur notre offre de formation. Contenus, inscriptions, financements : vous saurez tout !<br \/>\nNe manquez pas ce rendez-vous, inscrivez-vous d\u00e8s maintenant \ud83d\udc47<\/p>\n<p>&nbsp;<\/p>\n<p>Cet \u00e9v\u00e9nement est maintenant termin\u00e9 : merci pour votre participation !<\/p>\n\t\t\t<\/div>\n<\/div>\n\n\n\n\n<div class=\"gab-formations\">\n    <div class=\"col-md-12 col-lg-12 col-frm-right\">\n        <div class=\"gray-bg\">\n                                                <div class=\"content\">\n                        <div class=\"flex-content\">\n                                                        <img decoding=\"async\" src=\"https:\/\/www.bioforce.org\/wp-content\/uploads\/2023\/10\/2023_Header_Calendrier2024-297x110.jpg\" alt=\"\">\n                                                        <h5 class=\"titre\">Retrouvez aussi nos formations en Logistique et S\u00e9curit\u00e9, Finances, Formation de formateurs et bien d&#8217;autres<\/h5>\n                        <\/div>\n                        <p class=\"accroche\">Toutes les formations Bioforce pour vos \u00e9quipes ! Des solutions faites pour et par les intervenants du secteur humanitaire, qui placent la pratique et le sens au c\u0153ur de la p\u00e9dagogie et \u00e9voluent avec le contexte humanitaire pour vous apporter les outils les plus adapt\u00e9s et vous garantir le niveau op\u00e9rationnel attendu.<\/p>\n                        <a href=\"\/learn\/formations-humanitaires\/former-vos-equipes\/cle-en-main\/nos-formations-disponibles\/\" class=\"btn btn-outline-primary btn-more\"><i class=\"icon-cross\"><\/i><\/a>\n                    <\/div>\n                                    <\/div>\n\n    <\/div>\n<\/div>\n\n\n<div class=\"wp-block-columns is-layout-flex wp-container-core-columns-is-layout-9d6595d7 wp-block-columns-is-layout-flex\">\n<div class=\"wp-block-column is-layout-flow wp-block-column-is-layout-flow\" style=\"flex-basis:25%\"><\/div>\n\n\n\n<div class=\"wp-block-column is-layout-flow wp-block-column-is-layout-flow\" style=\"flex-basis:50%\">\n<div id=\"terms_conditions\"><strong>*Conditions g\u00e9n\u00e9rales \u2013 Offre Promotionnelle Formations Courtes Bioforce Second Semestre 2025<\/strong><\/div>\n\n\n\n<p class=\"has-small-font-size\">6e place offerte pour 5 places achet\u00e9es sur le catalogue des formations courtes Bioforce, appliqu\u00e9e sur la moins ch\u00e8re des formations (pr\u00e9sentiel en Europe, pr\u00e9sentiel en Afrique, \u00e0 distance)<\/p>\n\n\n\n<p class=\"has-small-font-size\">Dur\u00e9e de l\u2019offre : l\u2019offre est valable du 1er juillet au 31 d\u00e9cembre 2025 inclus.<br>Public concern\u00e9 : cette offre est strictement r\u00e9serv\u00e9e aux organisations ayant une action \u00e0 caract\u00e8re humanitaire (ONG, associations, institutions, entreprises, etc.). Les inscriptions individuelles ne sont pas \u00e9ligibles.<br>Modalit\u00e9s de l\u2019offre : une 6e place est offerte pour chaque groupe de 5 places payantes achet\u00e9es dans le cadre des formations courtes du catalogue Bioforce (pr\u00e9sentiel en Europe, pr\u00e9sentiel en Afrique, \u00e0 distance). Les 6 participants doivent \u00eatre inscrits dans la m\u00eame commande, sur une ou plusieurs sessions.<br>Modalit\u00e9s de facturation : La facturation s\u2019effectue au fur et \u00e0 mesure de la mise en \u0153uvre des sessions de formation. Les places gratuites ne seront pas factur\u00e9es.<br>Annulation ou report : En cas d\u2019annulation ou de report d\u2019un ou plusieurs participants r\u00e9duisant le nombre de places payantes \u00e0 moins de 5, la gratuit\u00e9 de la 6e place sera automatiquement annul\u00e9e. En cas d\u2019annulation d\u2019une session de formation par Bioforce concernant un participant inscrit sur une place payante, la 6e place offerte reste maintenue. Si un participant b\u00e9n\u00e9ficiant d\u2019une place offerte est annul\u00e9 ou report\u00e9, cette place ne pourra \u00eatre r\u00e9attribu\u00e9e sans une nouvelle validation de l\u2019\u00e9ligibilit\u00e9 \u00e0 l\u2019offre.<\/p>\n\n\n\n<p class=\"has-small-font-size\">Cumul de l\u2019offre : l\u2019offre est r\u00e9p\u00e9table pour une m\u00eame organisation, selon le principe suivant : 1 place offerte pour 5 places payantes ; 2 places offertes pour 10 places payantes ; etc. Chaque groupe de 5 places payantes ouvre droit \u00e0 une seule place offerte, selon les m\u00eames conditions.<\/p>\n\n\n\n<p class=\"has-small-font-size\">&nbsp;Pour toute question relative \u00e0 cette offre, contactez rmartin@bioforce.org<\/p>\n<\/div>\n\n\n\n<div class=\"wp-block-column is-layout-flow wp-block-column-is-layout-flow\" style=\"flex-basis:25%\"><\/div>\n<\/div>\n","protected":false},"excerpt":{"rendered":"<p>Retrouvez en un coup d&#8217;oeil notre offre de formations courtes pour vos \u00e9quipes. Et n&#8217;oubliez pas : cet automne, les comp\u00e9tences se partagent ! B\u00e9n\u00e9ficiez d&#8217;une place offerte d\u00e8s 5 achet\u00e9es sur toutes les sessions du 2e semestre 2025.<\/p>\n","protected":false},"author":2,"featured_media":0,"parent":0,"menu_order":0,"comment_status":"closed","ping_status":"closed","template":"page-editorial.php","meta":{"_acf_changed":false,"footnotes":""},"class_list":["post-55180","page","type-page","status-publish","hentry"],"acf":[],"yoast_head":"<!-- This site is optimized with the Yoast SEO plugin v27.3 - https:\/\/yoast.com\/product\/yoast-seo-wordpress\/ -->\n<title>Coup d&#039;oeil sur nos formations du second semestre 2025 - Bioforce<\/title>\n<meta name=\"robots\" content=\"index, follow, max-snippet:-1, max-image-preview:large, max-video-preview:-1\" \/>\n<link rel=\"canonical\" href=\"https:\/\/www.bioforce.org\/en\/coup-doeil-sur-nos-formations-du-second-semestre-2025\/\" \/>\n<meta property=\"og:locale\" content=\"en_US\" \/>\n<meta property=\"og:type\" content=\"article\" \/>\n<meta property=\"og:title\" content=\"Coup d&#039;oeil sur nos formations du second semestre 2025 - Bioforce\" \/>\n<meta property=\"og:description\" content=\"Retrouvez en un coup d&#039;oeil notre offre de formations courtes pour vos \u00e9quipes. Et n&#039;oubliez pas : cet automne, les comp\u00e9tences se partagent ! B\u00e9n\u00e9ficiez d&#039;une place offerte d\u00e8s 5 achet\u00e9es sur toutes les sessions du 2e semestre 2025.\" \/>\n<meta property=\"og:url\" content=\"https:\/\/www.bioforce.org\/en\/coup-doeil-sur-nos-formations-du-second-semestre-2025\/\" \/>\n<meta property=\"og:site_name\" content=\"Bioforce\" \/>\n<meta property=\"article:publisher\" content=\"https:\/\/www.facebook.com\/bioforceOrg\/\" \/>\n<meta property=\"article:modified_time\" content=\"2025-07-16T12:24:49+00:00\" \/>\n<meta property=\"og:image\" content=\"https:\/\/www.bioforce.org\/wp-content\/uploads\/2020\/05\/logo-bioforce16-9.png\" \/>\n\t<meta property=\"og:image:width\" content=\"3583\" \/>\n\t<meta property=\"og:image:height\" content=\"2015\" \/>\n\t<meta property=\"og:image:type\" content=\"image\/png\" \/>\n<meta name=\"twitter:card\" content=\"summary_large_image\" \/>\n<meta name=\"twitter:site\" content=\"@bioforceorg\" \/>\n<meta name=\"twitter:label1\" content=\"Est. reading time\" \/>\n\t<meta name=\"twitter:data1\" content=\"2 minutes\" \/>\n<script type=\"application\/ld+json\" class=\"yoast-schema-graph\">{\"@context\":\"https:\\\/\\\/schema.org\",\"@graph\":[{\"@type\":\"WebPage\",\"@id\":\"https:\\\/\\\/www.bioforce.org\\\/en\\\/coup-doeil-sur-nos-formations-du-second-semestre-2025\\\/\",\"url\":\"https:\\\/\\\/www.bioforce.org\\\/en\\\/coup-doeil-sur-nos-formations-du-second-semestre-2025\\\/\",\"name\":\"Coup d'oeil sur nos formations du second semestre 2025 - Bioforce\",\"isPartOf\":{\"@id\":\"https:\\\/\\\/www.bioforce.org\\\/en\\\/#website\"},\"datePublished\":\"2025-06-24T14:10:06+00:00\",\"dateModified\":\"2025-07-16T12:24:49+00:00\",\"breadcrumb\":{\"@id\":\"https:\\\/\\\/www.bioforce.org\\\/en\\\/coup-doeil-sur-nos-formations-du-second-semestre-2025\\\/#breadcrumb\"},\"inLanguage\":\"en-US\",\"potentialAction\":[{\"@type\":\"ReadAction\",\"target\":[\"https:\\\/\\\/www.bioforce.org\\\/en\\\/coup-doeil-sur-nos-formations-du-second-semestre-2025\\\/\"]}]},{\"@type\":\"BreadcrumbList\",\"@id\":\"https:\\\/\\\/www.bioforce.org\\\/en\\\/coup-doeil-sur-nos-formations-du-second-semestre-2025\\\/#breadcrumb\",\"itemListElement\":[{\"@type\":\"ListItem\",\"position\":1,\"name\":\"Accueil\",\"item\":\"https:\\\/\\\/www.bioforce.org\\\/en\\\/\"},{\"@type\":\"ListItem\",\"position\":2,\"name\":\"Coup d&rsquo;oeil sur nos formations du second semestre 2025\"}]},{\"@type\":\"WebSite\",\"@id\":\"https:\\\/\\\/www.bioforce.org\\\/en\\\/#website\",\"url\":\"https:\\\/\\\/www.bioforce.org\\\/en\\\/\",\"name\":\"Bioforce\",\"description\":\"Former les humanitaires | Bioforce\",\"publisher\":{\"@id\":\"https:\\\/\\\/www.bioforce.org\\\/en\\\/#organization\"},\"alternateName\":\"bioforce.org\",\"potentialAction\":[{\"@type\":\"SearchAction\",\"target\":{\"@type\":\"EntryPoint\",\"urlTemplate\":\"https:\\\/\\\/www.bioforce.org\\\/en\\\/?s={search_term_string}\"},\"query-input\":{\"@type\":\"PropertyValueSpecification\",\"valueRequired\":true,\"valueName\":\"search_term_string\"}}],\"inLanguage\":\"en-US\"},{\"@type\":\"Organization\",\"@id\":\"https:\\\/\\\/www.bioforce.org\\\/en\\\/#organization\",\"name\":\"Bioforce\",\"url\":\"https:\\\/\\\/www.bioforce.org\\\/en\\\/\",\"logo\":{\"@type\":\"ImageObject\",\"inLanguage\":\"en-US\",\"@id\":\"https:\\\/\\\/www.bioforce.org\\\/en\\\/#\\\/schema\\\/logo\\\/image\\\/\",\"url\":\"https:\\\/\\\/www.bioforce.org\\\/wp-content\\\/uploads\\\/2020\\\/05\\\/logo-bioforce16-9.png\",\"contentUrl\":\"https:\\\/\\\/www.bioforce.org\\\/wp-content\\\/uploads\\\/2020\\\/05\\\/logo-bioforce16-9.png\",\"width\":3583,\"height\":2015,\"caption\":\"Bioforce\"},\"image\":{\"@id\":\"https:\\\/\\\/www.bioforce.org\\\/en\\\/#\\\/schema\\\/logo\\\/image\\\/\"},\"sameAs\":[\"https:\\\/\\\/www.facebook.com\\\/bioforceOrg\\\/\",\"https:\\\/\\\/x.com\\\/bioforceorg\",\"https:\\\/\\\/www.linkedin.com\\\/school\\\/bioforceorg\",\"https:\\\/\\\/www.instagram.com\\\/bioforceorg\\\/\"]}]}<\/script>\n<!-- \/ Yoast SEO plugin. -->","yoast_head_json":{"title":"Coup d'oeil sur nos formations du second semestre 2025 - Bioforce","robots":{"index":"index","follow":"follow","max-snippet":"max-snippet:-1","max-image-preview":"max-image-preview:large","max-video-preview":"max-video-preview:-1"},"canonical":"https:\/\/www.bioforce.org\/en\/coup-doeil-sur-nos-formations-du-second-semestre-2025\/","og_locale":"en_US","og_type":"article","og_title":"Coup d'oeil sur nos formations du second semestre 2025 - Bioforce","og_description":"Retrouvez en un coup d'oeil notre offre de formations courtes pour vos \u00e9quipes. Et n'oubliez pas : cet automne, les comp\u00e9tences se partagent ! B\u00e9n\u00e9ficiez d'une place offerte d\u00e8s 5 achet\u00e9es sur toutes les sessions du 2e semestre 2025.","og_url":"https:\/\/www.bioforce.org\/en\/coup-doeil-sur-nos-formations-du-second-semestre-2025\/","og_site_name":"Bioforce","article_publisher":"https:\/\/www.facebook.com\/bioforceOrg\/","article_modified_time":"2025-07-16T12:24:49+00:00","og_image":[{"width":3583,"height":2015,"url":"https:\/\/www.bioforce.org\/wp-content\/uploads\/2020\/05\/logo-bioforce16-9.png","type":"image\/png"}],"twitter_card":"summary_large_image","twitter_site":"@bioforceorg","twitter_misc":{"Est. reading time":"2 minutes"},"schema":{"@context":"https:\/\/schema.org","@graph":[{"@type":"WebPage","@id":"https:\/\/www.bioforce.org\/en\/coup-doeil-sur-nos-formations-du-second-semestre-2025\/","url":"https:\/\/www.bioforce.org\/en\/coup-doeil-sur-nos-formations-du-second-semestre-2025\/","name":"Coup d'oeil sur nos formations du second semestre 2025 - Bioforce","isPartOf":{"@id":"https:\/\/www.bioforce.org\/en\/#website"},"datePublished":"2025-06-24T14:10:06+00:00","dateModified":"2025-07-16T12:24:49+00:00","breadcrumb":{"@id":"https:\/\/www.bioforce.org\/en\/coup-doeil-sur-nos-formations-du-second-semestre-2025\/#breadcrumb"},"inLanguage":"en-US","potentialAction":[{"@type":"ReadAction","target":["https:\/\/www.bioforce.org\/en\/coup-doeil-sur-nos-formations-du-second-semestre-2025\/"]}]},{"@type":"BreadcrumbList","@id":"https:\/\/www.bioforce.org\/en\/coup-doeil-sur-nos-formations-du-second-semestre-2025\/#breadcrumb","itemListElement":[{"@type":"ListItem","position":1,"name":"Accueil","item":"https:\/\/www.bioforce.org\/en\/"},{"@type":"ListItem","position":2,"name":"Coup d&rsquo;oeil sur nos formations du second semestre 2025"}]},{"@type":"WebSite","@id":"https:\/\/www.bioforce.org\/en\/#website","url":"https:\/\/www.bioforce.org\/en\/","name":"Bioforce","description":"Former les humanitaires | Bioforce","publisher":{"@id":"https:\/\/www.bioforce.org\/en\/#organization"},"alternateName":"bioforce.org","potentialAction":[{"@type":"SearchAction","target":{"@type":"EntryPoint","urlTemplate":"https:\/\/www.bioforce.org\/en\/?s={search_term_string}"},"query-input":{"@type":"PropertyValueSpecification","valueRequired":true,"valueName":"search_term_string"}}],"inLanguage":"en-US"},{"@type":"Organization","@id":"https:\/\/www.bioforce.org\/en\/#organization","name":"Bioforce","url":"https:\/\/www.bioforce.org\/en\/","logo":{"@type":"ImageObject","inLanguage":"en-US","@id":"https:\/\/www.bioforce.org\/en\/#\/schema\/logo\/image\/","url":"https:\/\/www.bioforce.org\/wp-content\/uploads\/2020\/05\/logo-bioforce16-9.png","contentUrl":"https:\/\/www.bioforce.org\/wp-content\/uploads\/2020\/05\/logo-bioforce16-9.png","width":3583,"height":2015,"caption":"Bioforce"},"image":{"@id":"https:\/\/www.bioforce.org\/en\/#\/schema\/logo\/image\/"},"sameAs":["https:\/\/www.facebook.com\/bioforceOrg\/","https:\/\/x.com\/bioforceorg","https:\/\/www.linkedin.com\/school\/bioforceorg","https:\/\/www.instagram.com\/bioforceorg\/"]}]}},"_links":{"self":[{"href":"https:\/\/www.bioforce.org\/en\/wp-json\/wp\/v2\/pages\/55180","targetHints":{"allow":["GET"]}}],"collection":[{"href":"https:\/\/www.bioforce.org\/en\/wp-json\/wp\/v2\/pages"}],"about":[{"href":"https:\/\/www.bioforce.org\/en\/wp-json\/wp\/v2\/types\/page"}],"author":[{"embeddable":true,"href":"https:\/\/www.bioforce.org\/en\/wp-json\/wp\/v2\/users\/2"}],"replies":[{"embeddable":true,"href":"https:\/\/www.bioforce.org\/en\/wp-json\/wp\/v2\/comments?post=55180"}],"version-history":[{"count":1,"href":"https:\/\/www.bioforce.org\/en\/wp-json\/wp\/v2\/pages\/55180\/revisions"}],"predecessor-version":[{"id":55334,"href":"https:\/\/www.bioforce.org\/en\/wp-json\/wp\/v2\/pages\/55180\/revisions\/55334"}],"wp:attachment":[{"href":"https:\/\/www.bioforce.org\/en\/wp-json\/wp\/v2\/media?parent=55180"}],"curies":[{"name":"wp","href":"https:\/\/api.w.org\/{rel}","templated":true}]}}