{"id":6092,"date":"2020-04-21T18:14:22","date_gmt":"2020-04-21T16:14:22","guid":{"rendered":"https:\/\/www.bioforce.org\/vae\/"},"modified":"2020-07-08T17:34:57","modified_gmt":"2020-07-08T15:34:57","slug":"apl","status":"publish","type":"page","link":"https:\/\/www.bioforce.org\/en\/learn\/humanitarian-training-courses\/apl\/","title":{"rendered":"Accreditation of Prior Learning"},"content":{"rendered":"\n  <div class=\"container-1440\">\n    <div class=\"page-header\">\n        \n        <div class=\"has-background container-full\" style=\"background-image: url(https:\/\/www.bioforce.org\/wp-content\/uploads\/2020\/04\/Camp-r\u00e9fugi\u00e9s-femmes-cr\u00e9dit-D.Khamissy-UNHCR-2012.jpg)\">\n            <img decoding=\"async\" src=\"https:\/\/www.bioforce.org\/wp-content\/uploads\/2020\/04\/Camp-r\u00e9fugi\u00e9s-femmes-cr\u00e9dit-D.Khamissy-UNHCR-2012.jpg\" alt=\"\">\n        <\/div>\n\n\n        <div class=\"page-header-inner\">        \n            <div class=\"page-title\">\n                <span class=\"d-block page-parent\">learn <\/span>\n                <h1>Accreditation of Prior Learning<\/h1>\n            <\/div>\n\n            <div class=\"page-sub-title\">\n                \n                    <div>\n                        <span class=\"has-border-l-t d-block\">Gain a diploma without attending courses<\/span>                  \n                    <\/div>\n                    <div>\n                        <p>Gain recognition for your humanitarian skills and move your career along more quickly by obtaining a diploma awarded by Bioforce!<\/p>\n                    <\/div>\n                \n            <\/div>\n        <\/div>\n    <\/div>\n\n  <\/div>\n\n<div class=\"container-1440\">\n\t<div class=\"section-textriche\">\n\t\t<h2 class=\"title-h2\">Accreditation of Prior Learning (APL) at Bioforce<\/h2>\n\t\t<p>Accreditation of Prior Learning (APL) is an opportunity for people to gain recognition for their experience (professional or otherwise) in order to obtain a diploma. It is therefore obtained through experience (rather than by means of formal education or lifelong learning) and based on aspects other than a final examination. <strong>Please note that APL at Bioforce is not available in English.<\/strong><\/p>\n\t\t\t<\/div>\n<\/div>\n\n\n\n<div class=\"container-1440\">\n    <div class=\"box-three-columns\">\n        <div class=\"row owl-carousel\"  id=\"carouselMobile\">\n                    <\/div>\n    <\/div>\n<\/div>\n\n<div class=\"container-1440\">\n\t<div class=\"section-textriche\">\n\t\t<h2 class=\"title-h2\">Admission criteria<\/h2>\n\t\t<ul>\n<li><strong>At least one year in post<\/strong>, whether in a single period or broken up, directly related to the target qualification. All paid and unpaid work is taken into consideration for APL applications (volunteering, internships, placements, etc.) whether in France or abroad.<\/li>\n<li><strong>A Level 1 Civic safety and prevention certificate<\/strong>\u00a0(first aid certificate or equivalent). The APL process can be started in advance of the course, but it must be completed in advance of the viva before the panel.<\/li>\n<\/ul>\n\t\t\t<\/div>\n<\/div>\n\n\n\n<div class=\"separateur\">\n\t<hr>\n\t<i class=\"icon-bioforce\"><\/i>\n<\/div>\n\n\n<div class=\"gab-temoignages container-1440\">\n  <div class=\"global-title\">\n    <h3 class=\"titre_1\">Personal stories<\/h3>\n  <\/div>\n\t<div class=\"owl-carousel owl-theme owl-temoignages\">\n\t\t\t\t\t\t\t\t\t<div class=\"item\">\n\t\t\t\t\t<div class=\"text-riche\">\n\t\t\t\t\t\t<div class=\"text\"><i class=\"icon-quotes\"><\/i><p>Thanks to this diploma, I now feel fully legitimate in project management, all my knowledge is recognised. I could perhaps evolve and go from project coordinator to head of mission.Currently I am acting as interim head of mission, I hope that this diploma will allow me to access this kind of job more quickly in my NGO.<\/p>\n <\/div>\n\t\t\t\t\t<\/div>\n\t\t\t\t\t<div class=\"info-tem\">\n\t\t\t\t\t\t<img decoding=\"async\" class=\"mask\" src=\"https:\/\/www.bioforce.org\/wp-content\/uploads\/2020\/05\/empty-ho.png\" alt=\"\">\n\t\t\t\t\t\t<h5 class=\"nom\">Ali Abdelrahman<\/h5>\n\t\t\t\t\t\t<h6 class=\"fonction\">Project coordinator in CAR<\/h6>\n\t\t\t\t\t\t<p class=\"text-tem\">Triangle G\u00e9n\u00e9ration Humanitaire<\/p>\n\t\t\t\t\t<\/div>\n\t\t\t\t<\/div> \n\t\t\t\t\t\t<\/div>\n<\/div>\n\n","protected":false},"excerpt":{"rendered":"","protected":false},"author":4,"featured_media":1727,"parent":6323,"menu_order":4,"comment_status":"closed","ping_status":"closed","template":"page-editorial.php","meta":{"_acf_changed":false,"footnotes":""},"class_list":["post-6092","page","type-page","status-publish","has-post-thumbnail","hentry"],"acf":[],"yoast_head":"<!-- This site is optimized with the Yoast SEO plugin v27.3 - https:\/\/yoast.com\/product\/yoast-seo-wordpress\/ -->\n<title>Accreditation of Prior Learning - Bioforce<\/title>\n<meta name=\"robots\" content=\"index, follow, max-snippet:-1, max-image-preview:large, max-video-preview:-1\" \/>\n<link rel=\"canonical\" href=\"https:\/\/www.bioforce.org\/en\/learn\/humanitarian-training-courses\/apl\/\" \/>\n<meta property=\"og:locale\" content=\"en_US\" \/>\n<meta property=\"og:type\" content=\"article\" \/>\n<meta property=\"og:title\" content=\"Accreditation of Prior Learning - Bioforce\" \/>\n<meta property=\"og:url\" content=\"https:\/\/www.bioforce.org\/en\/learn\/humanitarian-training-courses\/apl\/\" \/>\n<meta property=\"og:site_name\" content=\"Bioforce\" \/>\n<meta property=\"article:publisher\" content=\"https:\/\/www.facebook.com\/bioforceOrg\/\" \/>\n<meta property=\"article:modified_time\" content=\"2020-07-08T15:34:57+00:00\" \/>\n<meta property=\"og:image\" content=\"https:\/\/www.bioforce.org\/wp-content\/uploads\/2020\/04\/Camp-r\u00e9fugi\u00e9s-femmes-cr\u00e9dit-D.Khamissy-UNHCR-2012-1.jpg\" \/>\n\t<meta property=\"og:image:width\" content=\"2114\" \/>\n\t<meta property=\"og:image:height\" content=\"2400\" \/>\n\t<meta property=\"og:image:type\" content=\"image\/jpeg\" \/>\n<meta name=\"twitter:card\" content=\"summary_large_image\" \/>\n<meta name=\"twitter:site\" content=\"@bioforceorg\" \/>\n<script type=\"application\/ld+json\" class=\"yoast-schema-graph\">{\"@context\":\"https:\\\/\\\/schema.org\",\"@graph\":[{\"@type\":\"WebPage\",\"@id\":\"https:\\\/\\\/www.bioforce.org\\\/en\\\/learn\\\/humanitarian-training-courses\\\/apl\\\/\",\"url\":\"https:\\\/\\\/www.bioforce.org\\\/en\\\/learn\\\/humanitarian-training-courses\\\/apl\\\/\",\"name\":\"Accreditation of Prior Learning - Bioforce\",\"isPartOf\":{\"@id\":\"https:\\\/\\\/www.bioforce.org\\\/en\\\/#website\"},\"primaryImageOfPage\":{\"@id\":\"https:\\\/\\\/www.bioforce.org\\\/en\\\/learn\\\/humanitarian-training-courses\\\/apl\\\/#primaryimage\"},\"image\":{\"@id\":\"https:\\\/\\\/www.bioforce.org\\\/en\\\/learn\\\/humanitarian-training-courses\\\/apl\\\/#primaryimage\"},\"thumbnailUrl\":\"https:\\\/\\\/www.bioforce.org\\\/wp-content\\\/uploads\\\/2020\\\/04\\\/Camp-r\u00e9fugi\u00e9s-femmes-cr\u00e9dit-D.Khamissy-UNHCR-2012-1.jpg\",\"datePublished\":\"2020-04-21T16:14:22+00:00\",\"dateModified\":\"2020-07-08T15:34:57+00:00\",\"breadcrumb\":{\"@id\":\"https:\\\/\\\/www.bioforce.org\\\/en\\\/learn\\\/humanitarian-training-courses\\\/apl\\\/#breadcrumb\"},\"inLanguage\":\"en-US\",\"potentialAction\":[{\"@type\":\"ReadAction\",\"target\":[\"https:\\\/\\\/www.bioforce.org\\\/en\\\/learn\\\/humanitarian-training-courses\\\/apl\\\/\"]}]},{\"@type\":\"ImageObject\",\"inLanguage\":\"en-US\",\"@id\":\"https:\\\/\\\/www.bioforce.org\\\/en\\\/learn\\\/humanitarian-training-courses\\\/apl\\\/#primaryimage\",\"url\":\"https:\\\/\\\/www.bioforce.org\\\/wp-content\\\/uploads\\\/2020\\\/04\\\/Camp-r\u00e9fugi\u00e9s-femmes-cr\u00e9dit-D.Khamissy-UNHCR-2012-1.jpg\",\"contentUrl\":\"https:\\\/\\\/www.bioforce.org\\\/wp-content\\\/uploads\\\/2020\\\/04\\\/Camp-r\u00e9fugi\u00e9s-femmes-cr\u00e9dit-D.Khamissy-UNHCR-2012-1.jpg\",\"width\":2114,\"height\":2400},{\"@type\":\"BreadcrumbList\",\"@id\":\"https:\\\/\\\/www.bioforce.org\\\/en\\\/learn\\\/humanitarian-training-courses\\\/apl\\\/#breadcrumb\",\"itemListElement\":[{\"@type\":\"ListItem\",\"position\":1,\"name\":\"Accueil\",\"item\":\"https:\\\/\\\/www.bioforce.org\\\/en\\\/\"},{\"@type\":\"ListItem\",\"position\":2,\"name\":\"Learn\",\"item\":\"https:\\\/\\\/www.bioforce.org\\\/en\\\/learn\\\/\"},{\"@type\":\"ListItem\",\"position\":3,\"name\":\"Humanitarian training courses\",\"item\":\"https:\\\/\\\/www.bioforce.org\\\/en\\\/learn\\\/humanitarian-training-courses\\\/\"},{\"@type\":\"ListItem\",\"position\":4,\"name\":\"Accreditation of Prior Learning\"}]},{\"@type\":\"WebSite\",\"@id\":\"https:\\\/\\\/www.bioforce.org\\\/en\\\/#website\",\"url\":\"https:\\\/\\\/www.bioforce.org\\\/en\\\/\",\"name\":\"Bioforce\",\"description\":\"Former les humanitaires | Bioforce\",\"publisher\":{\"@id\":\"https:\\\/\\\/www.bioforce.org\\\/en\\\/#organization\"},\"alternateName\":\"bioforce.org\",\"potentialAction\":[{\"@type\":\"SearchAction\",\"target\":{\"@type\":\"EntryPoint\",\"urlTemplate\":\"https:\\\/\\\/www.bioforce.org\\\/en\\\/?s={search_term_string}\"},\"query-input\":{\"@type\":\"PropertyValueSpecification\",\"valueRequired\":true,\"valueName\":\"search_term_string\"}}],\"inLanguage\":\"en-US\"},{\"@type\":\"Organization\",\"@id\":\"https:\\\/\\\/www.bioforce.org\\\/en\\\/#organization\",\"name\":\"Bioforce\",\"url\":\"https:\\\/\\\/www.bioforce.org\\\/en\\\/\",\"logo\":{\"@type\":\"ImageObject\",\"inLanguage\":\"en-US\",\"@id\":\"https:\\\/\\\/www.bioforce.org\\\/en\\\/#\\\/schema\\\/logo\\\/image\\\/\",\"url\":\"https:\\\/\\\/www.bioforce.org\\\/wp-content\\\/uploads\\\/2020\\\/05\\\/logo-bioforce16-9.png\",\"contentUrl\":\"https:\\\/\\\/www.bioforce.org\\\/wp-content\\\/uploads\\\/2020\\\/05\\\/logo-bioforce16-9.png\",\"width\":3583,\"height\":2015,\"caption\":\"Bioforce\"},\"image\":{\"@id\":\"https:\\\/\\\/www.bioforce.org\\\/en\\\/#\\\/schema\\\/logo\\\/image\\\/\"},\"sameAs\":[\"https:\\\/\\\/www.facebook.com\\\/bioforceOrg\\\/\",\"https:\\\/\\\/x.com\\\/bioforceorg\",\"https:\\\/\\\/www.linkedin.com\\\/school\\\/bioforceorg\",\"https:\\\/\\\/www.instagram.com\\\/bioforceorg\\\/\"]}]}<\/script>\n<!-- \/ Yoast SEO plugin. -->","yoast_head_json":{"title":"Accreditation of Prior Learning - Bioforce","robots":{"index":"index","follow":"follow","max-snippet":"max-snippet:-1","max-image-preview":"max-image-preview:large","max-video-preview":"max-video-preview:-1"},"canonical":"https:\/\/www.bioforce.org\/en\/learn\/humanitarian-training-courses\/apl\/","og_locale":"en_US","og_type":"article","og_title":"Accreditation of Prior Learning - Bioforce","og_url":"https:\/\/www.bioforce.org\/en\/learn\/humanitarian-training-courses\/apl\/","og_site_name":"Bioforce","article_publisher":"https:\/\/www.facebook.com\/bioforceOrg\/","article_modified_time":"2020-07-08T15:34:57+00:00","og_image":[{"width":2114,"height":2400,"url":"https:\/\/www.bioforce.org\/wp-content\/uploads\/2020\/04\/Camp-r\u00e9fugi\u00e9s-femmes-cr\u00e9dit-D.Khamissy-UNHCR-2012-1.jpg","type":"image\/jpeg"}],"twitter_card":"summary_large_image","twitter_site":"@bioforceorg","schema":{"@context":"https:\/\/schema.org","@graph":[{"@type":"WebPage","@id":"https:\/\/www.bioforce.org\/en\/learn\/humanitarian-training-courses\/apl\/","url":"https:\/\/www.bioforce.org\/en\/learn\/humanitarian-training-courses\/apl\/","name":"Accreditation of Prior Learning - Bioforce","isPartOf":{"@id":"https:\/\/www.bioforce.org\/en\/#website"},"primaryImageOfPage":{"@id":"https:\/\/www.bioforce.org\/en\/learn\/humanitarian-training-courses\/apl\/#primaryimage"},"image":{"@id":"https:\/\/www.bioforce.org\/en\/learn\/humanitarian-training-courses\/apl\/#primaryimage"},"thumbnailUrl":"https:\/\/www.bioforce.org\/wp-content\/uploads\/2020\/04\/Camp-r\u00e9fugi\u00e9s-femmes-cr\u00e9dit-D.Khamissy-UNHCR-2012-1.jpg","datePublished":"2020-04-21T16:14:22+00:00","dateModified":"2020-07-08T15:34:57+00:00","breadcrumb":{"@id":"https:\/\/www.bioforce.org\/en\/learn\/humanitarian-training-courses\/apl\/#breadcrumb"},"inLanguage":"en-US","potentialAction":[{"@type":"ReadAction","target":["https:\/\/www.bioforce.org\/en\/learn\/humanitarian-training-courses\/apl\/"]}]},{"@type":"ImageObject","inLanguage":"en-US","@id":"https:\/\/www.bioforce.org\/en\/learn\/humanitarian-training-courses\/apl\/#primaryimage","url":"https:\/\/www.bioforce.org\/wp-content\/uploads\/2020\/04\/Camp-r\u00e9fugi\u00e9s-femmes-cr\u00e9dit-D.Khamissy-UNHCR-2012-1.jpg","contentUrl":"https:\/\/www.bioforce.org\/wp-content\/uploads\/2020\/04\/Camp-r\u00e9fugi\u00e9s-femmes-cr\u00e9dit-D.Khamissy-UNHCR-2012-1.jpg","width":2114,"height":2400},{"@type":"BreadcrumbList","@id":"https:\/\/www.bioforce.org\/en\/learn\/humanitarian-training-courses\/apl\/#breadcrumb","itemListElement":[{"@type":"ListItem","position":1,"name":"Accueil","item":"https:\/\/www.bioforce.org\/en\/"},{"@type":"ListItem","position":2,"name":"Learn","item":"https:\/\/www.bioforce.org\/en\/learn\/"},{"@type":"ListItem","position":3,"name":"Humanitarian training courses","item":"https:\/\/www.bioforce.org\/en\/learn\/humanitarian-training-courses\/"},{"@type":"ListItem","position":4,"name":"Accreditation of Prior Learning"}]},{"@type":"WebSite","@id":"https:\/\/www.bioforce.org\/en\/#website","url":"https:\/\/www.bioforce.org\/en\/","name":"Bioforce","description":"Former les humanitaires | Bioforce","publisher":{"@id":"https:\/\/www.bioforce.org\/en\/#organization"},"alternateName":"bioforce.org","potentialAction":[{"@type":"SearchAction","target":{"@type":"EntryPoint","urlTemplate":"https:\/\/www.bioforce.org\/en\/?s={search_term_string}"},"query-input":{"@type":"PropertyValueSpecification","valueRequired":true,"valueName":"search_term_string"}}],"inLanguage":"en-US"},{"@type":"Organization","@id":"https:\/\/www.bioforce.org\/en\/#organization","name":"Bioforce","url":"https:\/\/www.bioforce.org\/en\/","logo":{"@type":"ImageObject","inLanguage":"en-US","@id":"https:\/\/www.bioforce.org\/en\/#\/schema\/logo\/image\/","url":"https:\/\/www.bioforce.org\/wp-content\/uploads\/2020\/05\/logo-bioforce16-9.png","contentUrl":"https:\/\/www.bioforce.org\/wp-content\/uploads\/2020\/05\/logo-bioforce16-9.png","width":3583,"height":2015,"caption":"Bioforce"},"image":{"@id":"https:\/\/www.bioforce.org\/en\/#\/schema\/logo\/image\/"},"sameAs":["https:\/\/www.facebook.com\/bioforceOrg\/","https:\/\/x.com\/bioforceorg","https:\/\/www.linkedin.com\/school\/bioforceorg","https:\/\/www.instagram.com\/bioforceorg\/"]}]}},"_links":{"self":[{"href":"https:\/\/www.bioforce.org\/en\/wp-json\/wp\/v2\/pages\/6092","targetHints":{"allow":["GET"]}}],"collection":[{"href":"https:\/\/www.bioforce.org\/en\/wp-json\/wp\/v2\/pages"}],"about":[{"href":"https:\/\/www.bioforce.org\/en\/wp-json\/wp\/v2\/types\/page"}],"author":[{"embeddable":true,"href":"https:\/\/www.bioforce.org\/en\/wp-json\/wp\/v2\/users\/4"}],"replies":[{"embeddable":true,"href":"https:\/\/www.bioforce.org\/en\/wp-json\/wp\/v2\/comments?post=6092"}],"version-history":[{"count":12,"href":"https:\/\/www.bioforce.org\/en\/wp-json\/wp\/v2\/pages\/6092\/revisions"}],"predecessor-version":[{"id":8892,"href":"https:\/\/www.bioforce.org\/en\/wp-json\/wp\/v2\/pages\/6092\/revisions\/8892"}],"up":[{"embeddable":true,"href":"https:\/\/www.bioforce.org\/en\/wp-json\/wp\/v2\/pages\/6323"}],"wp:featuredmedia":[{"embeddable":true,"href":"https:\/\/www.bioforce.org\/en\/wp-json\/wp\/v2\/media\/1727"}],"wp:attachment":[{"href":"https:\/\/www.bioforce.org\/en\/wp-json\/wp\/v2\/media?parent=6092"}],"curies":[{"name":"wp","href":"https:\/\/api.w.org\/{rel}","templated":true}]}}