{"id":6670,"date":"2020-05-26T19:16:39","date_gmt":"2020-05-26T17:16:39","guid":{"rendered":"https:\/\/www.bioforce.org\/?page_id=6670"},"modified":"2025-11-17T12:17:57","modified_gmt":"2025-11-17T11:17:57","slug":"executive-team","status":"publish","type":"page","link":"https:\/\/www.bioforce.org\/en\/bioforce\/our-organisation\/our-team\/executive-team\/","title":{"rendered":"Executive team"},"content":{"rendered":"\n  <div class=\"container-1440\">\n    <div class=\"page-header\">\n        \n        <div class=\"has-background container-full\" style=\"background-image: url(https:\/\/www.bioforce.org\/wp-content\/uploads\/2022\/02\/IMG-PLACEHOLDER2.jpg)\">\n            <img decoding=\"async\" src=\"https:\/\/www.bioforce.org\/wp-content\/uploads\/2022\/02\/IMG-PLACEHOLDER2.jpg\" alt=\"\">\n        <\/div>\n\n\n        <div class=\"page-header-inner\">        \n            <div class=\"page-title\">\n                <span class=\"d-block page-parent\">bioforce <\/span>\n                <h1>Executive team<\/h1>\n            <\/div>\n\n            <div class=\"page-sub-title\">\n                \n                    <div>\n                        <span class=\"has-border-l-t d-block\"><\/span>                  \n                    <\/div>\n                    <div>\n                        <p>The team implements the broad guidelines approved by the Board of Trustees, with coordination and support from a management committee.<\/p>\n                    <\/div>\n                \n            <\/div>\n        <\/div>\n    <\/div>\n\n  <\/div>\n\n\n<div class=\"container-1440\">\n                        <div class=\"gab-aboutus \">\n                <div class=\"row\">\n                <div class=\"col-md-12 col-lg-7 order-lg-12 media\">\n                                        <img decoding=\"async\" src=\"https:\/\/www.bioforce.org\/wp-content\/uploads\/2025\/10\/2025.10_Florence-Villedey-553x460.jpg\" alt=\"\">\n                                    <\/div>\n                <div class=\"col-md-12 col-lg-5 aboutus\">\n                    <div class=\"content\">\n                        <div>\n                        <h2 class=\"title\">Florence Villedey<\/h2>\n                        <div class=\"wysiwyg\">\n                           <p> <strong>Managing director.<\/strong>\u00a0\r\n<br \/>\r\nFlorence is a graduate of IPAG and has spent most of her career in education, working as an academic or programme director for major education groups such as Ace Education, Ynov and Demos. She has also shared her expertise at ESSEC for nearly twenty years, teaching marketing and strategy.\r\nAfrica has also played a significant role in her career, including a youth humanitarian mission in Burkina Faso, several years in Ghana (2014-2019) and developing IPAG&#8217;s presence in C\u00f4te d&#8217;Ivoire. <br \/>This wealth of experience, combining academic expertise, training management and international engagement, will be a valuable asset for Bioforce.<\/p>\n                        <\/div>\n                                                <\/div>\n                    <\/div>\n                <\/div>\n\n                <\/div>\n            <\/div>\n                    <div class=\"gab-aboutus \">\n                <div class=\"row\">\n                <div class=\"col-md-12 col-lg-7 order-lg-12 media\">\n                                        <img decoding=\"async\" src=\"https:\/\/www.bioforce.org\/wp-content\/uploads\/2022\/02\/2020_Yann-Dutertre-553x460.jpg\" alt=\"\">\n                                    <\/div>\n                <div class=\"col-md-12 col-lg-5 aboutus\">\n                    <div class=\"content\">\n                        <div>\n                        <h2 class=\"title\">Yann Dutertre<\/h2>\n                        <div class=\"wysiwyg\">\n                           <p> <strong>Head of Bioforce Regional Training Centre for Africa.<\/strong>\u00a0\r\n<br \/>\r\nA Bioforce alumni and a graduate in Local Development from the French International Local Development Research Centre, Bertrand has 10 years\u2019 professional experience in the humanitarian field. He worked with the NGO Handicap International as a logistics expert, administrator, project coordinator and programme director, at the head office and in the field.\r\nAt Bioforce, Bertrand oversees the Regional Training Centre for Europe\u2019s training coherence and quality issues, implementation and development of all the training courses, certifications and accreditation of prior learning, and manages the Centre\u2019s team (training programme coordinators and administrative officers).<\/p>\n                        <\/div>\n                                                                            <a href=\"\/en\/bioforce\/our-organisation\/our-team\/teaching-team\/\" class=\"btn btn-primary btn-edito\" target=\"_self\">Teaching team<\/a>\n                                                <\/div>\n                    <\/div>\n                <\/div>\n\n                <\/div>\n            <\/div>\n                    <div class=\"gab-aboutus to-right\">\n                <div class=\"row\">\n                <div class=\"col-md-12 col-lg-7  media\">\n                                        <img decoding=\"async\" src=\"https:\/\/www.bioforce.org\/wp-content\/uploads\/2022\/02\/2021_Marie-Perroudon-553x460.jpg\" alt=\"\">\n                                    <\/div>\n                <div class=\"col-md-12 col-lg-5 aboutus\">\n                    <div class=\"content\">\n                        <div>\n                        <h2 class=\"title\">Marie Perroudon<\/h2>\n                        <div class=\"wysiwyg\">\n                           <p> <strong>Head of communications and fundraising.<\/strong>\u00a0\r\n<br \/>\r\nA graduate of the National Institute of Oriental Languages and Civilisations, in Georgian and Hebrew, Marie spent a year in Georgia where she worked with various NGOs. With a Master&#8217;s in Information and Communications in hand, along with experience working for a number of NGOs, she joined Bioforce in 1999 to implement our events. before becoming Head of Communications and Fundraising. <br \/>\r\nThe Communications team defines and implements all our internal and external communication actions and material, and is in charge of press relations and fundraising.<\/p>\n                        <\/div>\n                                                <\/div>\n                    <\/div>\n                <\/div>\n\n                <\/div>\n            <\/div>\n                    <div class=\"gab-aboutus \">\n                <div class=\"row\">\n                <div class=\"col-md-12 col-lg-7 order-lg-12 media\">\n                                        <img decoding=\"async\" src=\"https:\/\/www.bioforce.org\/wp-content\/uploads\/2022\/02\/2022-Marianne-LEFLOCH-553x460.jpg\" alt=\"\">\n                                    <\/div>\n                <div class=\"col-md-12 col-lg-5 aboutus\">\n                    <div class=\"content\">\n                        <div>\n                        <h2 class=\"title\">Marianne Le Floch<\/h2>\n                        <div class=\"wysiwyg\">\n                           <p> <strong>Head of finance and administration.<\/strong>\u00a0\r\n<br \/>\r\nA graduate of Tours Business School, Marianne worked with the industry sector as Cost Controller and International Treasurer for 8 years. She then engaged in the field with UK NGOs, Cord UK and Save the Children, in Tanzania, Chad and Mozambique as Head of Programme Support (HR, Finance and Logistics). Back in Europe, she joined the Brussels office of the Danish NGO Mission East, as Head of Finance and then Director of Finance and Human Resources.\r\n<br \/> In Bioforce since 2018, Marianne supports the managing direction in its strategic decisions, ensuring the development and management of the administrative and financial policy of the institute.<\/p>\n                        <\/div>\n                                                <\/div>\n                    <\/div>\n                <\/div>\n\n                <\/div>\n            <\/div>\n                    <div class=\"gab-aboutus to-right\">\n                <div class=\"row\">\n                <div class=\"col-md-12 col-lg-7  media\">\n                                        <img decoding=\"async\" src=\"https:\/\/www.bioforce.org\/wp-content\/uploads\/2025\/07\/2025_Karine-Klein-553x460.jpg\" alt=\"\">\n                                    <\/div>\n                <div class=\"col-md-12 col-lg-5 aboutus\">\n                    <div class=\"content\">\n                        <div>\n                        <h2 class=\"title\">Karine Klein<\/h2>\n                        <div class=\"wysiwyg\">\n                           <p> <strong>Head of human resources.<\/strong>\u00a0\r\n<br \/>\r\nKarine is a graduate of IGS and a seasoned HR professional with over 20 years&#8217; experience in a variety of environments, ranging from SMEs to international groups. She specialises in overseeing the entire HR function, employee relations, and managerial support.\r\nKarine joined Bioforce in July 2025 as Director of Human Resources.<\/p>\n                        <\/div>\n                                                <\/div>\n                    <\/div>\n                <\/div>\n\n                <\/div>\n            <\/div>\n                    <div class=\"gab-aboutus \">\n                <div class=\"row\">\n                <div class=\"col-md-12 col-lg-7 order-lg-12 media\">\n                                        <img decoding=\"async\" src=\"https:\/\/www.bioforce.org\/wp-content\/uploads\/2022\/02\/2022_Audrey_ROCHETTE-553x460.jpg\" alt=\"\">\n                                    <\/div>\n                <div class=\"col-md-12 col-lg-5 aboutus\">\n                    <div class=\"content\">\n                        <div>\n                        <h2 class=\"title\">Audrey Rochette<\/h2>\n                        <div class=\"wysiwyg\">\n                           <p> <strong>Head of Development and Partnership<\/strong>\r\n<br \/>\r\nAudrey holds a Master\u2019s degree in Management of the health and social sector (University of Limoges) and a Master\u2019s degree in Crisis Analysis and Humanitarian Action from the University of Savoie. For two years, she was the general delegate in India for a child sponsorship association. She then joined the head office of the child protection association ECPAT France (End Child Prostitution and Trafficking) for 11 years as head of the Africa programmes, in charge of the technical, administrative and financial management of projects. At Bioforce since 2021, she ensures the quality of our learning actions in Project Management.<\/p>\n                        <\/div>\n                                                                            <a href=\"https:\/\/www.linkedin.com\/in\/audrey-rochette-8984231b8\" class=\"btn btn-primary btn-edito\" target=\"_self\">Linkedin profile<\/a>\n                                                <\/div>\n                    <\/div>\n                <\/div>\n\n                <\/div>\n            <\/div>\n        \n    <\/div>\n\n\n<div class=\"gab-formations\">\n    <div class=\"col-md-12 col-lg-12 col-frm-right\">\n        <div class=\"gray-bg\">\n                                                <div class=\"content\">\n                        <div class=\"flex-content\">\n                                                        <img decoding=\"async\" src=\"https:\/\/www.bioforce.org\/wp-content\/uploads\/2022\/07\/2021_LIBAN_Beyrouth-Port_1-297x110.png\" alt=\"\">\n                                                        <h5 class=\"titre\">Our team<\/h5>\n                        <\/div>\n                        <p class=\"accroche\">To ensure the smooth running of Bioforce, men and women take action every day in France, in Senegal, in CAR, in Lebanon and in Jordan. Discover more about them.<\/p>\n                        <a href=\"\/en\/bioforce\/our-organisation\/our-team\/\" class=\"btn btn-outline-primary btn-more\"><i class=\"icon-cross\"><\/i><\/a>\n                    <\/div>\n                                    <\/div>\n\n    <\/div>\n<\/div>","protected":false},"excerpt":{"rendered":"<p>The team implements the broad guidelines approved by the Board of Trustees, with coordination and support from a management committee.<\/p>\n","protected":false},"author":2,"featured_media":10226,"parent":30913,"menu_order":7,"comment_status":"closed","ping_status":"closed","template":"page-editorial.php","meta":{"_acf_changed":false,"footnotes":""},"class_list":["post-6670","page","type-page","status-publish","has-post-thumbnail","hentry"],"acf":[],"yoast_head":"<!-- This site is optimized with the Yoast SEO plugin v27.3 - https:\/\/yoast.com\/product\/yoast-seo-wordpress\/ -->\n<title>Executive team - Bioforce<\/title>\n<meta name=\"robots\" content=\"index, follow, max-snippet:-1, max-image-preview:large, max-video-preview:-1\" \/>\n<link rel=\"canonical\" href=\"https:\/\/www.bioforce.org\/en\/bioforce\/our-organisation\/our-team\/executive-team\/\" \/>\n<meta property=\"og:locale\" content=\"en_US\" \/>\n<meta property=\"og:type\" content=\"article\" \/>\n<meta property=\"og:title\" content=\"Executive team - Bioforce\" \/>\n<meta property=\"og:description\" content=\"The team implements the broad guidelines approved by the Board of Trustees, with coordination and support from a management committee.\" \/>\n<meta property=\"og:url\" content=\"https:\/\/www.bioforce.org\/en\/bioforce\/our-organisation\/our-team\/executive-team\/\" \/>\n<meta property=\"og:site_name\" content=\"Bioforce\" \/>\n<meta property=\"article:publisher\" content=\"https:\/\/www.facebook.com\/bioforceOrg\/\" \/>\n<meta property=\"article:modified_time\" content=\"2025-11-17T11:17:57+00:00\" \/>\n<meta property=\"og:image\" content=\"https:\/\/www.bioforce.org\/wp-content\/uploads\/2020\/08\/2020_Vx_Batiment-1024x768.jpg\" \/>\n\t<meta property=\"og:image:width\" content=\"1024\" \/>\n\t<meta property=\"og:image:height\" content=\"768\" \/>\n\t<meta property=\"og:image:type\" content=\"image\/jpeg\" \/>\n<meta name=\"twitter:card\" content=\"summary_large_image\" \/>\n<meta name=\"twitter:site\" content=\"@bioforceorg\" \/>\n<meta name=\"twitter:label1\" content=\"Est. reading time\" \/>\n\t<meta name=\"twitter:data1\" content=\"1 minute\" \/>\n<script type=\"application\/ld+json\" class=\"yoast-schema-graph\">{\"@context\":\"https:\\\/\\\/schema.org\",\"@graph\":[{\"@type\":\"WebPage\",\"@id\":\"https:\\\/\\\/www.bioforce.org\\\/en\\\/bioforce\\\/our-organisation\\\/our-team\\\/executive-team\\\/\",\"url\":\"https:\\\/\\\/www.bioforce.org\\\/en\\\/bioforce\\\/our-organisation\\\/our-team\\\/executive-team\\\/\",\"name\":\"Executive team - Bioforce\",\"isPartOf\":{\"@id\":\"https:\\\/\\\/www.bioforce.org\\\/en\\\/#website\"},\"primaryImageOfPage\":{\"@id\":\"https:\\\/\\\/www.bioforce.org\\\/en\\\/bioforce\\\/our-organisation\\\/our-team\\\/executive-team\\\/#primaryimage\"},\"image\":{\"@id\":\"https:\\\/\\\/www.bioforce.org\\\/en\\\/bioforce\\\/our-organisation\\\/our-team\\\/executive-team\\\/#primaryimage\"},\"thumbnailUrl\":\"https:\\\/\\\/www.bioforce.org\\\/wp-content\\\/uploads\\\/2020\\\/08\\\/2020_Vx_Batiment.jpg\",\"datePublished\":\"2020-05-26T17:16:39+00:00\",\"dateModified\":\"2025-11-17T11:17:57+00:00\",\"breadcrumb\":{\"@id\":\"https:\\\/\\\/www.bioforce.org\\\/en\\\/bioforce\\\/our-organisation\\\/our-team\\\/executive-team\\\/#breadcrumb\"},\"inLanguage\":\"en-US\",\"potentialAction\":[{\"@type\":\"ReadAction\",\"target\":[\"https:\\\/\\\/www.bioforce.org\\\/en\\\/bioforce\\\/our-organisation\\\/our-team\\\/executive-team\\\/\"]}]},{\"@type\":\"ImageObject\",\"inLanguage\":\"en-US\",\"@id\":\"https:\\\/\\\/www.bioforce.org\\\/en\\\/bioforce\\\/our-organisation\\\/our-team\\\/executive-team\\\/#primaryimage\",\"url\":\"https:\\\/\\\/www.bioforce.org\\\/wp-content\\\/uploads\\\/2020\\\/08\\\/2020_Vx_Batiment.jpg\",\"contentUrl\":\"https:\\\/\\\/www.bioforce.org\\\/wp-content\\\/uploads\\\/2020\\\/08\\\/2020_Vx_Batiment.jpg\",\"width\":2560,\"height\":1920,\"caption\":\"Entr\u00e9e du si\u00e8ge de bioforce \u00e0 Lyon, France. Photo prise en mai 2020\"},{\"@type\":\"BreadcrumbList\",\"@id\":\"https:\\\/\\\/www.bioforce.org\\\/en\\\/bioforce\\\/our-organisation\\\/our-team\\\/executive-team\\\/#breadcrumb\",\"itemListElement\":[{\"@type\":\"ListItem\",\"position\":1,\"name\":\"Accueil\",\"item\":\"https:\\\/\\\/www.bioforce.org\\\/en\\\/\"},{\"@type\":\"ListItem\",\"position\":2,\"name\":\"Bioforce\",\"item\":\"https:\\\/\\\/www.bioforce.org\\\/en\\\/bioforce\\\/\"},{\"@type\":\"ListItem\",\"position\":3,\"name\":\"Our organisation\",\"item\":\"https:\\\/\\\/www.bioforce.org\\\/en\\\/bioforce\\\/our-organisation\\\/\"},{\"@type\":\"ListItem\",\"position\":4,\"name\":\"Our team\",\"item\":\"https:\\\/\\\/www.bioforce.org\\\/en\\\/bioforce\\\/our-organisation\\\/our-team\\\/\"},{\"@type\":\"ListItem\",\"position\":5,\"name\":\"Executive team\"}]},{\"@type\":\"WebSite\",\"@id\":\"https:\\\/\\\/www.bioforce.org\\\/en\\\/#website\",\"url\":\"https:\\\/\\\/www.bioforce.org\\\/en\\\/\",\"name\":\"Bioforce\",\"description\":\"Former les humanitaires | Bioforce\",\"publisher\":{\"@id\":\"https:\\\/\\\/www.bioforce.org\\\/en\\\/#organization\"},\"alternateName\":\"bioforce.org\",\"potentialAction\":[{\"@type\":\"SearchAction\",\"target\":{\"@type\":\"EntryPoint\",\"urlTemplate\":\"https:\\\/\\\/www.bioforce.org\\\/en\\\/?s={search_term_string}\"},\"query-input\":{\"@type\":\"PropertyValueSpecification\",\"valueRequired\":true,\"valueName\":\"search_term_string\"}}],\"inLanguage\":\"en-US\"},{\"@type\":\"Organization\",\"@id\":\"https:\\\/\\\/www.bioforce.org\\\/en\\\/#organization\",\"name\":\"Bioforce\",\"url\":\"https:\\\/\\\/www.bioforce.org\\\/en\\\/\",\"logo\":{\"@type\":\"ImageObject\",\"inLanguage\":\"en-US\",\"@id\":\"https:\\\/\\\/www.bioforce.org\\\/en\\\/#\\\/schema\\\/logo\\\/image\\\/\",\"url\":\"https:\\\/\\\/www.bioforce.org\\\/wp-content\\\/uploads\\\/2020\\\/05\\\/logo-bioforce16-9.png\",\"contentUrl\":\"https:\\\/\\\/www.bioforce.org\\\/wp-content\\\/uploads\\\/2020\\\/05\\\/logo-bioforce16-9.png\",\"width\":3583,\"height\":2015,\"caption\":\"Bioforce\"},\"image\":{\"@id\":\"https:\\\/\\\/www.bioforce.org\\\/en\\\/#\\\/schema\\\/logo\\\/image\\\/\"},\"sameAs\":[\"https:\\\/\\\/www.facebook.com\\\/bioforceOrg\\\/\",\"https:\\\/\\\/x.com\\\/bioforceorg\",\"https:\\\/\\\/www.linkedin.com\\\/school\\\/bioforceorg\",\"https:\\\/\\\/www.instagram.com\\\/bioforceorg\\\/\"]}]}<\/script>\n<!-- \/ Yoast SEO plugin. -->","yoast_head_json":{"title":"Executive team - Bioforce","robots":{"index":"index","follow":"follow","max-snippet":"max-snippet:-1","max-image-preview":"max-image-preview:large","max-video-preview":"max-video-preview:-1"},"canonical":"https:\/\/www.bioforce.org\/en\/bioforce\/our-organisation\/our-team\/executive-team\/","og_locale":"en_US","og_type":"article","og_title":"Executive team - Bioforce","og_description":"The team implements the broad guidelines approved by the Board of Trustees, with coordination and support from a management committee.","og_url":"https:\/\/www.bioforce.org\/en\/bioforce\/our-organisation\/our-team\/executive-team\/","og_site_name":"Bioforce","article_publisher":"https:\/\/www.facebook.com\/bioforceOrg\/","article_modified_time":"2025-11-17T11:17:57+00:00","og_image":[{"width":1024,"height":768,"url":"https:\/\/www.bioforce.org\/wp-content\/uploads\/2020\/08\/2020_Vx_Batiment-1024x768.jpg","type":"image\/jpeg"}],"twitter_card":"summary_large_image","twitter_site":"@bioforceorg","twitter_misc":{"Est. reading time":"1 minute"},"schema":{"@context":"https:\/\/schema.org","@graph":[{"@type":"WebPage","@id":"https:\/\/www.bioforce.org\/en\/bioforce\/our-organisation\/our-team\/executive-team\/","url":"https:\/\/www.bioforce.org\/en\/bioforce\/our-organisation\/our-team\/executive-team\/","name":"Executive team - Bioforce","isPartOf":{"@id":"https:\/\/www.bioforce.org\/en\/#website"},"primaryImageOfPage":{"@id":"https:\/\/www.bioforce.org\/en\/bioforce\/our-organisation\/our-team\/executive-team\/#primaryimage"},"image":{"@id":"https:\/\/www.bioforce.org\/en\/bioforce\/our-organisation\/our-team\/executive-team\/#primaryimage"},"thumbnailUrl":"https:\/\/www.bioforce.org\/wp-content\/uploads\/2020\/08\/2020_Vx_Batiment.jpg","datePublished":"2020-05-26T17:16:39+00:00","dateModified":"2025-11-17T11:17:57+00:00","breadcrumb":{"@id":"https:\/\/www.bioforce.org\/en\/bioforce\/our-organisation\/our-team\/executive-team\/#breadcrumb"},"inLanguage":"en-US","potentialAction":[{"@type":"ReadAction","target":["https:\/\/www.bioforce.org\/en\/bioforce\/our-organisation\/our-team\/executive-team\/"]}]},{"@type":"ImageObject","inLanguage":"en-US","@id":"https:\/\/www.bioforce.org\/en\/bioforce\/our-organisation\/our-team\/executive-team\/#primaryimage","url":"https:\/\/www.bioforce.org\/wp-content\/uploads\/2020\/08\/2020_Vx_Batiment.jpg","contentUrl":"https:\/\/www.bioforce.org\/wp-content\/uploads\/2020\/08\/2020_Vx_Batiment.jpg","width":2560,"height":1920,"caption":"Entr\u00e9e du si\u00e8ge de bioforce \u00e0 Lyon, France. Photo prise en mai 2020"},{"@type":"BreadcrumbList","@id":"https:\/\/www.bioforce.org\/en\/bioforce\/our-organisation\/our-team\/executive-team\/#breadcrumb","itemListElement":[{"@type":"ListItem","position":1,"name":"Accueil","item":"https:\/\/www.bioforce.org\/en\/"},{"@type":"ListItem","position":2,"name":"Bioforce","item":"https:\/\/www.bioforce.org\/en\/bioforce\/"},{"@type":"ListItem","position":3,"name":"Our organisation","item":"https:\/\/www.bioforce.org\/en\/bioforce\/our-organisation\/"},{"@type":"ListItem","position":4,"name":"Our team","item":"https:\/\/www.bioforce.org\/en\/bioforce\/our-organisation\/our-team\/"},{"@type":"ListItem","position":5,"name":"Executive team"}]},{"@type":"WebSite","@id":"https:\/\/www.bioforce.org\/en\/#website","url":"https:\/\/www.bioforce.org\/en\/","name":"Bioforce","description":"Former les humanitaires | Bioforce","publisher":{"@id":"https:\/\/www.bioforce.org\/en\/#organization"},"alternateName":"bioforce.org","potentialAction":[{"@type":"SearchAction","target":{"@type":"EntryPoint","urlTemplate":"https:\/\/www.bioforce.org\/en\/?s={search_term_string}"},"query-input":{"@type":"PropertyValueSpecification","valueRequired":true,"valueName":"search_term_string"}}],"inLanguage":"en-US"},{"@type":"Organization","@id":"https:\/\/www.bioforce.org\/en\/#organization","name":"Bioforce","url":"https:\/\/www.bioforce.org\/en\/","logo":{"@type":"ImageObject","inLanguage":"en-US","@id":"https:\/\/www.bioforce.org\/en\/#\/schema\/logo\/image\/","url":"https:\/\/www.bioforce.org\/wp-content\/uploads\/2020\/05\/logo-bioforce16-9.png","contentUrl":"https:\/\/www.bioforce.org\/wp-content\/uploads\/2020\/05\/logo-bioforce16-9.png","width":3583,"height":2015,"caption":"Bioforce"},"image":{"@id":"https:\/\/www.bioforce.org\/en\/#\/schema\/logo\/image\/"},"sameAs":["https:\/\/www.facebook.com\/bioforceOrg\/","https:\/\/x.com\/bioforceorg","https:\/\/www.linkedin.com\/school\/bioforceorg","https:\/\/www.instagram.com\/bioforceorg\/"]}]}},"_links":{"self":[{"href":"https:\/\/www.bioforce.org\/en\/wp-json\/wp\/v2\/pages\/6670","targetHints":{"allow":["GET"]}}],"collection":[{"href":"https:\/\/www.bioforce.org\/en\/wp-json\/wp\/v2\/pages"}],"about":[{"href":"https:\/\/www.bioforce.org\/en\/wp-json\/wp\/v2\/types\/page"}],"author":[{"embeddable":true,"href":"https:\/\/www.bioforce.org\/en\/wp-json\/wp\/v2\/users\/2"}],"replies":[{"embeddable":true,"href":"https:\/\/www.bioforce.org\/en\/wp-json\/wp\/v2\/comments?post=6670"}],"version-history":[{"count":58,"href":"https:\/\/www.bioforce.org\/en\/wp-json\/wp\/v2\/pages\/6670\/revisions"}],"predecessor-version":[{"id":56497,"href":"https:\/\/www.bioforce.org\/en\/wp-json\/wp\/v2\/pages\/6670\/revisions\/56497"}],"up":[{"embeddable":true,"href":"https:\/\/www.bioforce.org\/en\/wp-json\/wp\/v2\/pages\/30913"}],"wp:featuredmedia":[{"embeddable":true,"href":"https:\/\/www.bioforce.org\/en\/wp-json\/wp\/v2\/media\/10226"}],"wp:attachment":[{"href":"https:\/\/www.bioforce.org\/en\/wp-json\/wp\/v2\/media?parent=6670"}],"curies":[{"name":"wp","href":"https:\/\/api.w.org\/{rel}","templated":true}]}}