{"id":6674,"date":"2020-05-26T19:16:22","date_gmt":"2020-05-26T17:16:22","guid":{"rendered":"https:\/\/www.bioforce.org\/?page_id=6674"},"modified":"2025-04-03T12:37:33","modified_gmt":"2025-04-03T10:37:33","slug":"thematic-humanitarian-experts","status":"publish","type":"page","link":"https:\/\/www.bioforce.org\/en\/bioforce\/our-organisation\/our-team\/thematic-humanitarian-experts\/","title":{"rendered":"Thematic humanitarian experts"},"content":{"rendered":"\n  <div class=\"container-1440\">\n    <div class=\"page-header\">\n        \n        <div class=\"has-background container-full\" style=\"background-image: url(https:\/\/www.bioforce.org\/wp-content\/uploads\/2022\/02\/IMG-PLACEHOLDER2.jpg)\">\n            <img decoding=\"async\" src=\"https:\/\/www.bioforce.org\/wp-content\/uploads\/2022\/02\/IMG-PLACEHOLDER2.jpg\" alt=\"\">\n        <\/div>\n\n\n        <div class=\"page-header-inner\">        \n            <div class=\"page-title\">\n                <span class=\"d-block page-parent\">bioforce <\/span>\n                <h1>Thematic humanitarian experts<\/h1>\n            <\/div>\n\n            <div class=\"page-sub-title\">\n                \n                    <div>\n                        <span class=\"has-border-l-t d-block\"><\/span>                  \n                    <\/div>\n                    <div>\n                        <p>The Learning and Development coordinators are our thematic humanitarian experts. Their expertise is applied to all our teaching and learning actions, and they are active in the networks and clusters in their area of expertise.<\/p>\n                    <\/div>\n                \n            <\/div>\n        <\/div>\n    <\/div>\n\n  <\/div>\n\n\n<div class=\"container-1440\">\n                        <div class=\"gab-aboutus \">\n                <div class=\"row\">\n                <div class=\"col-md-12 col-lg-7 order-lg-12 media\">\n                                        <img decoding=\"async\" src=\"https:\/\/www.bioforce.org\/wp-content\/uploads\/2023\/02\/2022_Florian_Larguier-553x460.jpg\" alt=\"\">\n                                    <\/div>\n                <div class=\"col-md-12 col-lg-5 aboutus\">\n                    <div class=\"content\">\n                        <div>\n                        <h2 class=\"title\">Florian Larguier<\/h2>\n                        <div class=\"wysiwyg\">\n                           <p> <strong>Logistics <\/strong>\u00a0\r\n<br \/>\r\nAfter graduating from Bioforce in 1990, Florian worked as a mechanic for a development association before joining M\u00e9decins Sans Fronti\u00e8res on humanitarian emergency missions. Epidemics, wars, natural disasters: Florian supports project activities in hospital management, cold chain, nutrition, fleet management and water and sanitation. He has worked as a logistics manager for 30 years, mainly in Africa. Florian has run a number of training courses for M\u00e9decins Sans Fronti\u00e8res and chose Bioforce as an external trainer in 2012, before becoming a technical and pedagogical logistics consultant ten years later. In this role, he now ensures the quality of the logistics training modules and helps to strengthen Bioforce&#8217;s offer of advice and expertise to players in the solidarity sector.<\/p>\n                        <\/div>\n                                                <\/div>\n                    <\/div>\n                <\/div>\n\n                <\/div>\n            <\/div>\n                    <div class=\"gab-aboutus to-right\">\n                <div class=\"row\">\n                <div class=\"col-md-12 col-lg-7  media\">\n                                        <img decoding=\"async\" src=\"https:\/\/www.bioforce.org\/wp-content\/uploads\/2020\/04\/BIOFORCE_LOGO_31.png\" alt=\"\">\n                                    <\/div>\n                <div class=\"col-md-12 col-lg-5 aboutus\">\n                    <div class=\"content\">\n                        <div>\n                        <h2 class=\"title\">S\u00e9bastien Soulier<\/h2>\n                        <div class=\"wysiwyg\">\n                           <p> <strong>Water, hygiene and sanitation <\/strong>\r\n<br \/>\r\nA hydrogeologist by training, S\u00e9bastien worked in the field with MSF between 2005 and 2011, first as a logistician and then as a WASH programme coordinator in Africa, Asia and Latin America. He then joined the Geneva headquarters of MSF Switzerland as an environmental officer before becoming an EHA consultant and trainer in 2014, specialising in epidemic control. He has worked for Bioforce on several occasions, both in the development of training content (Stop Covid self-training, Master Wash in Amman) and as a trainer in our professional and tailor-made training courses. His current role at Bioforce is to ensure the quality of EHA training content and to help strengthen Bioforce&#8217;s consultancy and expertise offering to actors in the solidarity sector.<\/p>\n                        <\/div>\n                                                <\/div>\n                    <\/div>\n                <\/div>\n\n                <\/div>\n            <\/div>\n                    <div class=\"gab-aboutus \">\n                <div class=\"row\">\n                <div class=\"col-md-12 col-lg-7 order-lg-12 media\">\n                                        <img decoding=\"async\" src=\"https:\/\/www.bioforce.org\/wp-content\/uploads\/2025\/04\/2025_Mariana_ECHEVARRIA-553x460.jpg\" alt=\"\">\n                                    <\/div>\n                <div class=\"col-md-12 col-lg-5 aboutus\">\n                    <div class=\"content\">\n                        <div>\n                        <h2 class=\"title\">Mariana ECHEVARRIA<\/h2>\n                        <div class=\"wysiwyg\">\n                           <p> <strong>HR &#038; Finances <\/strong>\u00a0\r\n<br \/>\r\nMariana, of French-Mexican descent, graduated from Bioforce in 2006, which revealed her vocation.\r\nHer career quickly led her to work in a variety of emergency, post-emergency and development contexts for three of the largest French NGOs: Solidarit\u00e9s International, Handicap International and M\u00e9decins Sans Fronti\u00e8res.\r\n \r\nMariana has had the opportunity to work on projects in sectors as diverse as de-mining, medical aid, access to water and sanitation, distribution of non-food items and food, construction, diabetes prevention, inclusive education and disaster risk reduction. Her rich and varied international experience includes assignments in the Democratic Republic of Congo, Liberia, the Philippines, Indonesia, Burma, Syria, Jordan, Lebanon, Venezuela, Mexico and Central America, as well as four years at Handicap International&#8217;s headquarters in Lyon as Human Resources Coordinator for the Syria Crisis Desk.\r\n \r\nShe now joins Bioforce, ready to put all her expertise at the service of the organisation.<\/p>\n                        <\/div>\n                                                <\/div>\n                    <\/div>\n                <\/div>\n\n                <\/div>\n            <\/div>\n        \n    <\/div>\n\n\n<div class=\"gab-formations\">\n    <div class=\"col-md-12 col-lg-12 col-frm-right\">\n        <div class=\"gray-bg\">\n                                                <div class=\"content\">\n                        <div class=\"flex-content\">\n                                                        <img decoding=\"async\" src=\"https:\/\/www.bioforce.org\/wp-content\/uploads\/2022\/07\/2021_LIBAN_Beyrouth-Port_1-297x110.png\" alt=\"\">\n                                                        <h5 class=\"titre\">Our team<\/h5>\n                        <\/div>\n                        <p class=\"accroche\">To ensure the smooth running of Bioforce, men and women take action every day in France, in Senegal, in CAR, in Lebanon and in Jordan. Discover more about them.<\/p>\n                        <a href=\"\/en\/bioforce\/our-organisation\/our-team\/\" class=\"btn btn-outline-primary btn-more\"><i class=\"icon-cross\"><\/i><\/a>\n                    <\/div>\n                                    <\/div>\n\n    <\/div>\n<\/div>","protected":false},"excerpt":{"rendered":"<p>The Learning and Development coordinators are our thematic humanitarian experts. Their expertise is applied to all our teaching and learning actions, and they are active in the networks and clusters in their area of expertise.<\/p>\n","protected":false},"author":2,"featured_media":28929,"parent":30913,"menu_order":9,"comment_status":"closed","ping_status":"closed","template":"page-editorial.php","meta":{"_acf_changed":false,"footnotes":""},"class_list":["post-6674","page","type-page","status-publish","has-post-thumbnail","hentry"],"acf":[],"yoast_head":"<!-- This site is optimized with the Yoast SEO plugin v27.4 - https:\/\/yoast.com\/product\/yoast-seo-wordpress\/ -->\n<title>Thematic humanitarian experts - Bioforce<\/title>\n<meta name=\"robots\" content=\"index, follow, max-snippet:-1, max-image-preview:large, max-video-preview:-1\" \/>\n<link rel=\"canonical\" href=\"https:\/\/www.bioforce.org\/en\/bioforce\/our-organisation\/our-team\/thematic-humanitarian-experts\/\" \/>\n<meta property=\"og:locale\" content=\"en_US\" \/>\n<meta property=\"og:type\" content=\"article\" \/>\n<meta property=\"og:title\" content=\"Thematic humanitarian experts - Bioforce\" \/>\n<meta property=\"og:description\" content=\"The Learning and Development coordinators are our thematic humanitarian experts. Their expertise is applied to all our teaching and learning actions, and they are active in the networks and clusters in their area of expertise.\" \/>\n<meta property=\"og:url\" content=\"https:\/\/www.bioforce.org\/en\/bioforce\/our-organisation\/our-team\/thematic-humanitarian-experts\/\" \/>\n<meta property=\"og:site_name\" content=\"Bioforce\" \/>\n<meta property=\"article:publisher\" content=\"https:\/\/www.facebook.com\/bioforceOrg\/\" \/>\n<meta property=\"article:modified_time\" content=\"2025-04-03T10:37:33+00:00\" \/>\n<meta property=\"og:image\" content=\"https:\/\/www.bioforce.org\/wp-content\/uploads\/2022\/02\/IMG-PLACEHOLDER.jpg\" \/>\n\t<meta property=\"og:image:width\" content=\"1858\" \/>\n\t<meta property=\"og:image:height\" content=\"497\" \/>\n\t<meta property=\"og:image:type\" content=\"image\/jpeg\" \/>\n<meta name=\"twitter:card\" content=\"summary_large_image\" \/>\n<meta name=\"twitter:site\" content=\"@bioforceorg\" \/>\n<meta name=\"twitter:label1\" content=\"Est. reading time\" \/>\n\t<meta name=\"twitter:data1\" content=\"1 minute\" \/>\n<script type=\"application\/ld+json\" class=\"yoast-schema-graph\">{\"@context\":\"https:\\\/\\\/schema.org\",\"@graph\":[{\"@type\":\"WebPage\",\"@id\":\"https:\\\/\\\/www.bioforce.org\\\/en\\\/bioforce\\\/our-organisation\\\/our-team\\\/thematic-humanitarian-experts\\\/\",\"url\":\"https:\\\/\\\/www.bioforce.org\\\/en\\\/bioforce\\\/our-organisation\\\/our-team\\\/thematic-humanitarian-experts\\\/\",\"name\":\"Thematic humanitarian experts - Bioforce\",\"isPartOf\":{\"@id\":\"https:\\\/\\\/www.bioforce.org\\\/en\\\/#website\"},\"primaryImageOfPage\":{\"@id\":\"https:\\\/\\\/www.bioforce.org\\\/en\\\/bioforce\\\/our-organisation\\\/our-team\\\/thematic-humanitarian-experts\\\/#primaryimage\"},\"image\":{\"@id\":\"https:\\\/\\\/www.bioforce.org\\\/en\\\/bioforce\\\/our-organisation\\\/our-team\\\/thematic-humanitarian-experts\\\/#primaryimage\"},\"thumbnailUrl\":\"https:\\\/\\\/www.bioforce.org\\\/wp-content\\\/uploads\\\/2022\\\/02\\\/IMG-PLACEHOLDER.jpg\",\"datePublished\":\"2020-05-26T17:16:22+00:00\",\"dateModified\":\"2025-04-03T10:37:33+00:00\",\"breadcrumb\":{\"@id\":\"https:\\\/\\\/www.bioforce.org\\\/en\\\/bioforce\\\/our-organisation\\\/our-team\\\/thematic-humanitarian-experts\\\/#breadcrumb\"},\"inLanguage\":\"en-US\",\"potentialAction\":[{\"@type\":\"ReadAction\",\"target\":[\"https:\\\/\\\/www.bioforce.org\\\/en\\\/bioforce\\\/our-organisation\\\/our-team\\\/thematic-humanitarian-experts\\\/\"]}]},{\"@type\":\"ImageObject\",\"inLanguage\":\"en-US\",\"@id\":\"https:\\\/\\\/www.bioforce.org\\\/en\\\/bioforce\\\/our-organisation\\\/our-team\\\/thematic-humanitarian-experts\\\/#primaryimage\",\"url\":\"https:\\\/\\\/www.bioforce.org\\\/wp-content\\\/uploads\\\/2022\\\/02\\\/IMG-PLACEHOLDER.jpg\",\"contentUrl\":\"https:\\\/\\\/www.bioforce.org\\\/wp-content\\\/uploads\\\/2022\\\/02\\\/IMG-PLACEHOLDER.jpg\",\"width\":1858,\"height\":497},{\"@type\":\"BreadcrumbList\",\"@id\":\"https:\\\/\\\/www.bioforce.org\\\/en\\\/bioforce\\\/our-organisation\\\/our-team\\\/thematic-humanitarian-experts\\\/#breadcrumb\",\"itemListElement\":[{\"@type\":\"ListItem\",\"position\":1,\"name\":\"Accueil\",\"item\":\"https:\\\/\\\/www.bioforce.org\\\/en\\\/\"},{\"@type\":\"ListItem\",\"position\":2,\"name\":\"Bioforce\",\"item\":\"https:\\\/\\\/www.bioforce.org\\\/en\\\/bioforce\\\/\"},{\"@type\":\"ListItem\",\"position\":3,\"name\":\"Our organisation\",\"item\":\"https:\\\/\\\/www.bioforce.org\\\/en\\\/bioforce\\\/our-organisation\\\/\"},{\"@type\":\"ListItem\",\"position\":4,\"name\":\"Our team\",\"item\":\"https:\\\/\\\/www.bioforce.org\\\/en\\\/bioforce\\\/our-organisation\\\/our-team\\\/\"},{\"@type\":\"ListItem\",\"position\":5,\"name\":\"Thematic humanitarian experts\"}]},{\"@type\":\"WebSite\",\"@id\":\"https:\\\/\\\/www.bioforce.org\\\/en\\\/#website\",\"url\":\"https:\\\/\\\/www.bioforce.org\\\/en\\\/\",\"name\":\"Bioforce\",\"description\":\"Former les humanitaires | Bioforce\",\"publisher\":{\"@id\":\"https:\\\/\\\/www.bioforce.org\\\/en\\\/#organization\"},\"alternateName\":\"bioforce.org\",\"potentialAction\":[{\"@type\":\"SearchAction\",\"target\":{\"@type\":\"EntryPoint\",\"urlTemplate\":\"https:\\\/\\\/www.bioforce.org\\\/en\\\/?s={search_term_string}\"},\"query-input\":{\"@type\":\"PropertyValueSpecification\",\"valueRequired\":true,\"valueName\":\"search_term_string\"}}],\"inLanguage\":\"en-US\"},{\"@type\":\"Organization\",\"@id\":\"https:\\\/\\\/www.bioforce.org\\\/en\\\/#organization\",\"name\":\"Bioforce\",\"url\":\"https:\\\/\\\/www.bioforce.org\\\/en\\\/\",\"logo\":{\"@type\":\"ImageObject\",\"inLanguage\":\"en-US\",\"@id\":\"https:\\\/\\\/www.bioforce.org\\\/en\\\/#\\\/schema\\\/logo\\\/image\\\/\",\"url\":\"https:\\\/\\\/www.bioforce.org\\\/wp-content\\\/uploads\\\/2020\\\/05\\\/logo-bioforce16-9.png\",\"contentUrl\":\"https:\\\/\\\/www.bioforce.org\\\/wp-content\\\/uploads\\\/2020\\\/05\\\/logo-bioforce16-9.png\",\"width\":3583,\"height\":2015,\"caption\":\"Bioforce\"},\"image\":{\"@id\":\"https:\\\/\\\/www.bioforce.org\\\/en\\\/#\\\/schema\\\/logo\\\/image\\\/\"},\"sameAs\":[\"https:\\\/\\\/www.facebook.com\\\/bioforceOrg\\\/\",\"https:\\\/\\\/x.com\\\/bioforceorg\",\"https:\\\/\\\/www.linkedin.com\\\/school\\\/bioforceorg\",\"https:\\\/\\\/www.instagram.com\\\/bioforceorg\\\/\"]}]}<\/script>\n<!-- \/ Yoast SEO plugin. -->","yoast_head_json":{"title":"Thematic humanitarian experts - Bioforce","robots":{"index":"index","follow":"follow","max-snippet":"max-snippet:-1","max-image-preview":"max-image-preview:large","max-video-preview":"max-video-preview:-1"},"canonical":"https:\/\/www.bioforce.org\/en\/bioforce\/our-organisation\/our-team\/thematic-humanitarian-experts\/","og_locale":"en_US","og_type":"article","og_title":"Thematic humanitarian experts - Bioforce","og_description":"The Learning and Development coordinators are our thematic humanitarian experts. Their expertise is applied to all our teaching and learning actions, and they are active in the networks and clusters in their area of expertise.","og_url":"https:\/\/www.bioforce.org\/en\/bioforce\/our-organisation\/our-team\/thematic-humanitarian-experts\/","og_site_name":"Bioforce","article_publisher":"https:\/\/www.facebook.com\/bioforceOrg\/","article_modified_time":"2025-04-03T10:37:33+00:00","og_image":[{"width":1858,"height":497,"url":"https:\/\/www.bioforce.org\/wp-content\/uploads\/2022\/02\/IMG-PLACEHOLDER.jpg","type":"image\/jpeg"}],"twitter_card":"summary_large_image","twitter_site":"@bioforceorg","twitter_misc":{"Est. reading time":"1 minute"},"schema":{"@context":"https:\/\/schema.org","@graph":[{"@type":"WebPage","@id":"https:\/\/www.bioforce.org\/en\/bioforce\/our-organisation\/our-team\/thematic-humanitarian-experts\/","url":"https:\/\/www.bioforce.org\/en\/bioforce\/our-organisation\/our-team\/thematic-humanitarian-experts\/","name":"Thematic humanitarian experts - Bioforce","isPartOf":{"@id":"https:\/\/www.bioforce.org\/en\/#website"},"primaryImageOfPage":{"@id":"https:\/\/www.bioforce.org\/en\/bioforce\/our-organisation\/our-team\/thematic-humanitarian-experts\/#primaryimage"},"image":{"@id":"https:\/\/www.bioforce.org\/en\/bioforce\/our-organisation\/our-team\/thematic-humanitarian-experts\/#primaryimage"},"thumbnailUrl":"https:\/\/www.bioforce.org\/wp-content\/uploads\/2022\/02\/IMG-PLACEHOLDER.jpg","datePublished":"2020-05-26T17:16:22+00:00","dateModified":"2025-04-03T10:37:33+00:00","breadcrumb":{"@id":"https:\/\/www.bioforce.org\/en\/bioforce\/our-organisation\/our-team\/thematic-humanitarian-experts\/#breadcrumb"},"inLanguage":"en-US","potentialAction":[{"@type":"ReadAction","target":["https:\/\/www.bioforce.org\/en\/bioforce\/our-organisation\/our-team\/thematic-humanitarian-experts\/"]}]},{"@type":"ImageObject","inLanguage":"en-US","@id":"https:\/\/www.bioforce.org\/en\/bioforce\/our-organisation\/our-team\/thematic-humanitarian-experts\/#primaryimage","url":"https:\/\/www.bioforce.org\/wp-content\/uploads\/2022\/02\/IMG-PLACEHOLDER.jpg","contentUrl":"https:\/\/www.bioforce.org\/wp-content\/uploads\/2022\/02\/IMG-PLACEHOLDER.jpg","width":1858,"height":497},{"@type":"BreadcrumbList","@id":"https:\/\/www.bioforce.org\/en\/bioforce\/our-organisation\/our-team\/thematic-humanitarian-experts\/#breadcrumb","itemListElement":[{"@type":"ListItem","position":1,"name":"Accueil","item":"https:\/\/www.bioforce.org\/en\/"},{"@type":"ListItem","position":2,"name":"Bioforce","item":"https:\/\/www.bioforce.org\/en\/bioforce\/"},{"@type":"ListItem","position":3,"name":"Our organisation","item":"https:\/\/www.bioforce.org\/en\/bioforce\/our-organisation\/"},{"@type":"ListItem","position":4,"name":"Our team","item":"https:\/\/www.bioforce.org\/en\/bioforce\/our-organisation\/our-team\/"},{"@type":"ListItem","position":5,"name":"Thematic humanitarian experts"}]},{"@type":"WebSite","@id":"https:\/\/www.bioforce.org\/en\/#website","url":"https:\/\/www.bioforce.org\/en\/","name":"Bioforce","description":"Former les humanitaires | Bioforce","publisher":{"@id":"https:\/\/www.bioforce.org\/en\/#organization"},"alternateName":"bioforce.org","potentialAction":[{"@type":"SearchAction","target":{"@type":"EntryPoint","urlTemplate":"https:\/\/www.bioforce.org\/en\/?s={search_term_string}"},"query-input":{"@type":"PropertyValueSpecification","valueRequired":true,"valueName":"search_term_string"}}],"inLanguage":"en-US"},{"@type":"Organization","@id":"https:\/\/www.bioforce.org\/en\/#organization","name":"Bioforce","url":"https:\/\/www.bioforce.org\/en\/","logo":{"@type":"ImageObject","inLanguage":"en-US","@id":"https:\/\/www.bioforce.org\/en\/#\/schema\/logo\/image\/","url":"https:\/\/www.bioforce.org\/wp-content\/uploads\/2020\/05\/logo-bioforce16-9.png","contentUrl":"https:\/\/www.bioforce.org\/wp-content\/uploads\/2020\/05\/logo-bioforce16-9.png","width":3583,"height":2015,"caption":"Bioforce"},"image":{"@id":"https:\/\/www.bioforce.org\/en\/#\/schema\/logo\/image\/"},"sameAs":["https:\/\/www.facebook.com\/bioforceOrg\/","https:\/\/x.com\/bioforceorg","https:\/\/www.linkedin.com\/school\/bioforceorg","https:\/\/www.instagram.com\/bioforceorg\/"]}]}},"_links":{"self":[{"href":"https:\/\/www.bioforce.org\/en\/wp-json\/wp\/v2\/pages\/6674","targetHints":{"allow":["GET"]}}],"collection":[{"href":"https:\/\/www.bioforce.org\/en\/wp-json\/wp\/v2\/pages"}],"about":[{"href":"https:\/\/www.bioforce.org\/en\/wp-json\/wp\/v2\/types\/page"}],"author":[{"embeddable":true,"href":"https:\/\/www.bioforce.org\/en\/wp-json\/wp\/v2\/users\/2"}],"replies":[{"embeddable":true,"href":"https:\/\/www.bioforce.org\/en\/wp-json\/wp\/v2\/comments?post=6674"}],"version-history":[{"count":53,"href":"https:\/\/www.bioforce.org\/en\/wp-json\/wp\/v2\/pages\/6674\/revisions"}],"predecessor-version":[{"id":54578,"href":"https:\/\/www.bioforce.org\/en\/wp-json\/wp\/v2\/pages\/6674\/revisions\/54578"}],"up":[{"embeddable":true,"href":"https:\/\/www.bioforce.org\/en\/wp-json\/wp\/v2\/pages\/30913"}],"wp:featuredmedia":[{"embeddable":true,"href":"https:\/\/www.bioforce.org\/en\/wp-json\/wp\/v2\/media\/28929"}],"wp:attachment":[{"href":"https:\/\/www.bioforce.org\/en\/wp-json\/wp\/v2\/media?parent=6674"}],"curies":[{"name":"wp","href":"https:\/\/api.w.org\/{rel}","templated":true}]}}