{"id":6764,"date":"2020-05-26T21:01:48","date_gmt":"2020-05-26T19:01:48","guid":{"rendered":"https:\/\/www.bioforce.org\/learn\/candidature-formation-certifiante\/"},"modified":"2023-08-21T11:15:05","modified_gmt":"2023-08-21T09:15:05","slug":"application-diploma-course","status":"publish","type":"page","link":"https:\/\/www.bioforce.org\/en\/learn\/application-diploma-course\/","title":{"rendered":"Application diploma course"},"content":{"rendered":"\n  <div class=\"container-1440\">\n    <div class=\"page-header\">\n        \n        <div class=\"has-background container-full\" style=\"background-image: url(https:\/\/www.bioforce.org\/wp-content\/uploads\/2020\/05\/gab-formation.jpg)\">\n            <img decoding=\"async\" src=\"https:\/\/www.bioforce.org\/wp-content\/uploads\/2020\/05\/gab-formation.jpg\" alt=\"\">\n        <\/div>\n\n\n        <div class=\"page-header-inner\">        \n            <div class=\"page-title\">\n                <span class=\"d-block page-parent\">learn <\/span>\n                <h1>Diploma course<\/h1>\n            <\/div>\n\n            <div class=\"page-sub-title\">\n                \n                    <div>\n                        <span class=\"has-border-l-t d-block\">After your application<\/span>                  \n                    <\/div>\n                    <div>\n                        <p>You have applied online for a diploma course: what is the next step?<\/p>\n                    <\/div>\n                \n            <\/div>\n        <\/div>\n    <\/div>\n\n  <\/div>\n\n<div class=\"container-1440\">\n\t<div class=\"section-textriche\">\n\t\t<h2 class=\"title-h2\">For a diploma course in Europe<\/h2>\n\t\t<div class=\"desc\">\n<p class=\"faq-question faq-dt-hide-answer faq-processed faq-qa-visible\">Once you\u2019ve applied online for a diploma course (duration: 3 months or longer)\u00a0in Europe,\u00a0your application will be examined by the Bioforce staff upon receipt of the 60\u20ac administration fees.<\/p>\n<div class=\"faq-answer faq-dd-hide-answer collapsible\">\n<div class=\"field field-name-body field-type-text-with-summary field-label-hidden\">\n<div class=\"field-items\">\n<div class=\"field-item even\">\n<p>Payment is possible by:<\/p>\n<div>\n<ul>\n<li>bank transfer to the following bank account:\u00a0in order for us to be able to identify your payment, please indicate your first name and name in the bank transfer details : Bank code 30002 \u2013 Sort code 01958 \u2013 Account number 0000060118E \u2013 cl\u00e9 RIB 25. Domiciliation: LCL DRIF LYON IBAN FR46 3000 2019 5800 0006 0118 E25 BIC\/SWIFT CRLYFRPP Account owner: Institut Bioforce D\u00e9veloppement 41 avenue du 8 mai 1945 69200 V\u00e9nissieux Bank address: LCL 69 boulevard Laurent Gerin 69200 V\u00e9nissieux<\/li>\n<li>cheque\u00a0payable to Bioforce,\u00a0to be sent to Institut Bioforce, 41 avenue du 8 mai 1945, F-69694 V\u00e9nissieux cedex, France.<\/li>\n<li>we\u00a0accept Western Union payments on our bank account :\u00a0<a href=\"https:\/\/www.westernunion.com\/fr\/fr\/send-money\/app\/start\">https:\/\/www.westernunion.com\/fr\/fr\/send-money\/app\/start<\/a><\/li>\n<li>we also accept bank transfers by Moneygram :\u00a0<a href=\"https:\/\/secure.moneygram.com\/mgo\/fr\/en\/\">https:\/\/secure.moneygram.com\/mgo\/fr\/en\/<\/a><\/li>\n<\/ul>\n<p>Your payment must be received within 1 month: otherwise, your online application would have to be cancelled. \u00a0We will acknowledge receipt of your payment via email within 15 days and we will contact you by email to inform you whether your application has been selected\u00a0within 2 months.<\/p>\n<p>Please note that our team can suggest to you another diploma course instead: no need for you to worry or to apply for several diploma courses.<\/p>\n<\/div>\n<\/div>\n<\/div>\n<\/div>\n<\/div>\n<\/div>\n\t\t\t<\/div>\n<\/div>\n\n\n\n<div class=\"container-1440\">\n\t<div class=\"section-textriche\">\n\t\t<h2 class=\"title-h2\">For a diploma course in Africa<\/h2>\n\t\t<div class=\"desc\">\n<p class=\"faq-question faq-dt-hide-answer faq-processed faq-qa-visible\">Once you\u2019ve applied online for a diploma course (duration: 3 months or longer)\u00a0in Africa,\u00a0your application will be examined by the Bioforce staff upon receipt of the FCFA 20.000 administration fees.<\/p>\n<div class=\"faq-answer faq-dd-hide-answer collapsible\">\n<div class=\"field field-name-body field-type-text-with-summary field-label-hidden\">\n<div class=\"field-items\">\n<div class=\"field-item even\">\n<p>Payment is possible by:<\/p>\n<ul>\n<li>bank transfer to the following bank account:\u00a0\u00a0in order for us to be able to identify your payment, please indicate your first name, name and application number in the bank transfer details then send a copy of your transfer order at <a href=\"mailto:aumuhoza@bioforce.org\">aumuhoza@bioforce.org<\/a>\u00a0: RIB AFRICA ECOBANK SENEGAL: Account owner: Institut Bioforce. Swift code: ECOCSNDA. Bank code: SN094. Sort code: 01001. Account number: 141060793601. Cl\u00e9 RIB : 40. IBAN: SN094 01001 141060793601 40.<\/li>\n<li>cheque: in order for your cheque to be handed over in person, please ask for an appointment at <a href=\"mailto:aumuhoza@bioforce.org\">aumuhoza@bioforce.org<\/a><\/li>\n<li>cash\u00a0 : in order for your cash to be handed over in person, please ask for an appointment at <a href=\"mailto:aumuhoza@bioforce.org\">aumuhoza@bioforce.org<\/a><\/li>\n<li>money transfer\u00a0:\u00a0please ask for an appointment at <a href=\"mailto:aumuhoza@bioforce.org\">aumuhoza@bioforce.org<\/a> before doing the money transfer. It can be done\u00a0by\u00a0<strong><a href=\"https:\/\/ecobank.com\/personal-banking\/payments-transfers\/rapidtransfer\">Rapidtransfer-Ecobank<\/a><\/strong>\u00a0if you send the money on our bank account.<\/li>\n<\/ul>\n<p>Your payment must be received within 1 month: otherwise, your online application would have to be cancelled. \u00a0We will acknowledge receipt of your payment via email within 15 days and we will contact you by email to inform you whether your application has been selected\u00a0within 2 months.\u00a0Please note that our team can suggest to you another diploma course instead: no need for you to worry or to apply for several diploma courses.<\/p>\n<\/div>\n<\/div>\n<\/div>\n<\/div>\n<\/div>\n\t\t\t<\/div>\n<\/div>\n\n","protected":false},"excerpt":{"rendered":"","protected":false},"author":4,"featured_media":6386,"parent":6102,"menu_order":0,"comment_status":"closed","ping_status":"closed","template":"page-editorial.php","meta":{"_acf_changed":false,"footnotes":""},"class_list":["post-6764","page","type-page","status-publish","has-post-thumbnail","hentry"],"acf":[],"yoast_head":"<!-- This site is optimized with the Yoast SEO plugin v27.3 - https:\/\/yoast.com\/product\/yoast-seo-wordpress\/ -->\n<title>Application diploma course - Bioforce<\/title>\n<meta name=\"robots\" content=\"index, follow, max-snippet:-1, max-image-preview:large, max-video-preview:-1\" \/>\n<link rel=\"canonical\" href=\"https:\/\/www.bioforce.org\/en\/learn\/application-diploma-course\/\" \/>\n<meta property=\"og:locale\" content=\"en_US\" \/>\n<meta property=\"og:type\" content=\"article\" \/>\n<meta property=\"og:title\" content=\"Application diploma course - Bioforce\" \/>\n<meta property=\"og:url\" content=\"https:\/\/www.bioforce.org\/en\/learn\/application-diploma-course\/\" \/>\n<meta property=\"og:site_name\" content=\"Bioforce\" \/>\n<meta property=\"article:publisher\" content=\"https:\/\/www.facebook.com\/bioforceOrg\/\" \/>\n<meta property=\"article:modified_time\" content=\"2023-08-21T09:15:05+00:00\" \/>\n<meta property=\"og:image\" content=\"https:\/\/www.bioforce.org\/wp-content\/uploads\/2020\/05\/gab-formation.jpg\" \/>\n\t<meta property=\"og:image:width\" content=\"860\" \/>\n\t<meta property=\"og:image:height\" content=\"572\" \/>\n\t<meta property=\"og:image:type\" content=\"image\/jpeg\" \/>\n<meta name=\"twitter:card\" content=\"summary_large_image\" \/>\n<meta name=\"twitter:site\" content=\"@bioforceorg\" \/>\n<script type=\"application\/ld+json\" class=\"yoast-schema-graph\">{\"@context\":\"https:\\\/\\\/schema.org\",\"@graph\":[{\"@type\":\"WebPage\",\"@id\":\"https:\\\/\\\/www.bioforce.org\\\/en\\\/learn\\\/application-diploma-course\\\/\",\"url\":\"https:\\\/\\\/www.bioforce.org\\\/en\\\/learn\\\/application-diploma-course\\\/\",\"name\":\"Application diploma course - Bioforce\",\"isPartOf\":{\"@id\":\"https:\\\/\\\/www.bioforce.org\\\/en\\\/#website\"},\"primaryImageOfPage\":{\"@id\":\"https:\\\/\\\/www.bioforce.org\\\/en\\\/learn\\\/application-diploma-course\\\/#primaryimage\"},\"image\":{\"@id\":\"https:\\\/\\\/www.bioforce.org\\\/en\\\/learn\\\/application-diploma-course\\\/#primaryimage\"},\"thumbnailUrl\":\"https:\\\/\\\/www.bioforce.org\\\/wp-content\\\/uploads\\\/2020\\\/05\\\/gab-formation.jpg\",\"datePublished\":\"2020-05-26T19:01:48+00:00\",\"dateModified\":\"2023-08-21T09:15:05+00:00\",\"breadcrumb\":{\"@id\":\"https:\\\/\\\/www.bioforce.org\\\/en\\\/learn\\\/application-diploma-course\\\/#breadcrumb\"},\"inLanguage\":\"en-US\",\"potentialAction\":[{\"@type\":\"ReadAction\",\"target\":[\"https:\\\/\\\/www.bioforce.org\\\/en\\\/learn\\\/application-diploma-course\\\/\"]}]},{\"@type\":\"ImageObject\",\"inLanguage\":\"en-US\",\"@id\":\"https:\\\/\\\/www.bioforce.org\\\/en\\\/learn\\\/application-diploma-course\\\/#primaryimage\",\"url\":\"https:\\\/\\\/www.bioforce.org\\\/wp-content\\\/uploads\\\/2020\\\/05\\\/gab-formation.jpg\",\"contentUrl\":\"https:\\\/\\\/www.bioforce.org\\\/wp-content\\\/uploads\\\/2020\\\/05\\\/gab-formation.jpg\",\"width\":860,\"height\":572},{\"@type\":\"BreadcrumbList\",\"@id\":\"https:\\\/\\\/www.bioforce.org\\\/en\\\/learn\\\/application-diploma-course\\\/#breadcrumb\",\"itemListElement\":[{\"@type\":\"ListItem\",\"position\":1,\"name\":\"Accueil\",\"item\":\"https:\\\/\\\/www.bioforce.org\\\/en\\\/\"},{\"@type\":\"ListItem\",\"position\":2,\"name\":\"Learn\",\"item\":\"https:\\\/\\\/www.bioforce.org\\\/en\\\/learn\\\/\"},{\"@type\":\"ListItem\",\"position\":3,\"name\":\"Application diploma course\"}]},{\"@type\":\"WebSite\",\"@id\":\"https:\\\/\\\/www.bioforce.org\\\/en\\\/#website\",\"url\":\"https:\\\/\\\/www.bioforce.org\\\/en\\\/\",\"name\":\"Bioforce\",\"description\":\"Former les humanitaires | Bioforce\",\"publisher\":{\"@id\":\"https:\\\/\\\/www.bioforce.org\\\/en\\\/#organization\"},\"alternateName\":\"bioforce.org\",\"potentialAction\":[{\"@type\":\"SearchAction\",\"target\":{\"@type\":\"EntryPoint\",\"urlTemplate\":\"https:\\\/\\\/www.bioforce.org\\\/en\\\/?s={search_term_string}\"},\"query-input\":{\"@type\":\"PropertyValueSpecification\",\"valueRequired\":true,\"valueName\":\"search_term_string\"}}],\"inLanguage\":\"en-US\"},{\"@type\":\"Organization\",\"@id\":\"https:\\\/\\\/www.bioforce.org\\\/en\\\/#organization\",\"name\":\"Bioforce\",\"url\":\"https:\\\/\\\/www.bioforce.org\\\/en\\\/\",\"logo\":{\"@type\":\"ImageObject\",\"inLanguage\":\"en-US\",\"@id\":\"https:\\\/\\\/www.bioforce.org\\\/en\\\/#\\\/schema\\\/logo\\\/image\\\/\",\"url\":\"https:\\\/\\\/www.bioforce.org\\\/wp-content\\\/uploads\\\/2020\\\/05\\\/logo-bioforce16-9.png\",\"contentUrl\":\"https:\\\/\\\/www.bioforce.org\\\/wp-content\\\/uploads\\\/2020\\\/05\\\/logo-bioforce16-9.png\",\"width\":3583,\"height\":2015,\"caption\":\"Bioforce\"},\"image\":{\"@id\":\"https:\\\/\\\/www.bioforce.org\\\/en\\\/#\\\/schema\\\/logo\\\/image\\\/\"},\"sameAs\":[\"https:\\\/\\\/www.facebook.com\\\/bioforceOrg\\\/\",\"https:\\\/\\\/x.com\\\/bioforceorg\",\"https:\\\/\\\/www.linkedin.com\\\/school\\\/bioforceorg\",\"https:\\\/\\\/www.instagram.com\\\/bioforceorg\\\/\"]}]}<\/script>\n<!-- \/ Yoast SEO plugin. -->","yoast_head_json":{"title":"Application diploma course - Bioforce","robots":{"index":"index","follow":"follow","max-snippet":"max-snippet:-1","max-image-preview":"max-image-preview:large","max-video-preview":"max-video-preview:-1"},"canonical":"https:\/\/www.bioforce.org\/en\/learn\/application-diploma-course\/","og_locale":"en_US","og_type":"article","og_title":"Application diploma course - Bioforce","og_url":"https:\/\/www.bioforce.org\/en\/learn\/application-diploma-course\/","og_site_name":"Bioforce","article_publisher":"https:\/\/www.facebook.com\/bioforceOrg\/","article_modified_time":"2023-08-21T09:15:05+00:00","og_image":[{"width":860,"height":572,"url":"https:\/\/www.bioforce.org\/wp-content\/uploads\/2020\/05\/gab-formation.jpg","type":"image\/jpeg"}],"twitter_card":"summary_large_image","twitter_site":"@bioforceorg","schema":{"@context":"https:\/\/schema.org","@graph":[{"@type":"WebPage","@id":"https:\/\/www.bioforce.org\/en\/learn\/application-diploma-course\/","url":"https:\/\/www.bioforce.org\/en\/learn\/application-diploma-course\/","name":"Application diploma course - Bioforce","isPartOf":{"@id":"https:\/\/www.bioforce.org\/en\/#website"},"primaryImageOfPage":{"@id":"https:\/\/www.bioforce.org\/en\/learn\/application-diploma-course\/#primaryimage"},"image":{"@id":"https:\/\/www.bioforce.org\/en\/learn\/application-diploma-course\/#primaryimage"},"thumbnailUrl":"https:\/\/www.bioforce.org\/wp-content\/uploads\/2020\/05\/gab-formation.jpg","datePublished":"2020-05-26T19:01:48+00:00","dateModified":"2023-08-21T09:15:05+00:00","breadcrumb":{"@id":"https:\/\/www.bioforce.org\/en\/learn\/application-diploma-course\/#breadcrumb"},"inLanguage":"en-US","potentialAction":[{"@type":"ReadAction","target":["https:\/\/www.bioforce.org\/en\/learn\/application-diploma-course\/"]}]},{"@type":"ImageObject","inLanguage":"en-US","@id":"https:\/\/www.bioforce.org\/en\/learn\/application-diploma-course\/#primaryimage","url":"https:\/\/www.bioforce.org\/wp-content\/uploads\/2020\/05\/gab-formation.jpg","contentUrl":"https:\/\/www.bioforce.org\/wp-content\/uploads\/2020\/05\/gab-formation.jpg","width":860,"height":572},{"@type":"BreadcrumbList","@id":"https:\/\/www.bioforce.org\/en\/learn\/application-diploma-course\/#breadcrumb","itemListElement":[{"@type":"ListItem","position":1,"name":"Accueil","item":"https:\/\/www.bioforce.org\/en\/"},{"@type":"ListItem","position":2,"name":"Learn","item":"https:\/\/www.bioforce.org\/en\/learn\/"},{"@type":"ListItem","position":3,"name":"Application diploma course"}]},{"@type":"WebSite","@id":"https:\/\/www.bioforce.org\/en\/#website","url":"https:\/\/www.bioforce.org\/en\/","name":"Bioforce","description":"Former les humanitaires | Bioforce","publisher":{"@id":"https:\/\/www.bioforce.org\/en\/#organization"},"alternateName":"bioforce.org","potentialAction":[{"@type":"SearchAction","target":{"@type":"EntryPoint","urlTemplate":"https:\/\/www.bioforce.org\/en\/?s={search_term_string}"},"query-input":{"@type":"PropertyValueSpecification","valueRequired":true,"valueName":"search_term_string"}}],"inLanguage":"en-US"},{"@type":"Organization","@id":"https:\/\/www.bioforce.org\/en\/#organization","name":"Bioforce","url":"https:\/\/www.bioforce.org\/en\/","logo":{"@type":"ImageObject","inLanguage":"en-US","@id":"https:\/\/www.bioforce.org\/en\/#\/schema\/logo\/image\/","url":"https:\/\/www.bioforce.org\/wp-content\/uploads\/2020\/05\/logo-bioforce16-9.png","contentUrl":"https:\/\/www.bioforce.org\/wp-content\/uploads\/2020\/05\/logo-bioforce16-9.png","width":3583,"height":2015,"caption":"Bioforce"},"image":{"@id":"https:\/\/www.bioforce.org\/en\/#\/schema\/logo\/image\/"},"sameAs":["https:\/\/www.facebook.com\/bioforceOrg\/","https:\/\/x.com\/bioforceorg","https:\/\/www.linkedin.com\/school\/bioforceorg","https:\/\/www.instagram.com\/bioforceorg\/"]}]}},"_links":{"self":[{"href":"https:\/\/www.bioforce.org\/en\/wp-json\/wp\/v2\/pages\/6764","targetHints":{"allow":["GET"]}}],"collection":[{"href":"https:\/\/www.bioforce.org\/en\/wp-json\/wp\/v2\/pages"}],"about":[{"href":"https:\/\/www.bioforce.org\/en\/wp-json\/wp\/v2\/types\/page"}],"author":[{"embeddable":true,"href":"https:\/\/www.bioforce.org\/en\/wp-json\/wp\/v2\/users\/4"}],"replies":[{"embeddable":true,"href":"https:\/\/www.bioforce.org\/en\/wp-json\/wp\/v2\/comments?post=6764"}],"version-history":[{"count":11,"href":"https:\/\/www.bioforce.org\/en\/wp-json\/wp\/v2\/pages\/6764\/revisions"}],"predecessor-version":[{"id":47479,"href":"https:\/\/www.bioforce.org\/en\/wp-json\/wp\/v2\/pages\/6764\/revisions\/47479"}],"up":[{"embeddable":true,"href":"https:\/\/www.bioforce.org\/en\/wp-json\/wp\/v2\/pages\/6102"}],"wp:featuredmedia":[{"embeddable":true,"href":"https:\/\/www.bioforce.org\/en\/wp-json\/wp\/v2\/media\/6386"}],"wp:attachment":[{"href":"https:\/\/www.bioforce.org\/en\/wp-json\/wp\/v2\/media?parent=6764"}],"curies":[{"name":"wp","href":"https:\/\/api.w.org\/{rel}","templated":true}]}}